{"id":29656,"date":"2020-12-17T18:17:47","date_gmt":"2020-12-17T16:17:47","guid":{"rendered":"https:\/\/the7.io\/elementor-main\/?page_id=29656"},"modified":"2025-06-27T09:21:29","modified_gmt":"2025-06-27T07:21:29","slug":"muugitingimused","status":"publish","type":"page","link":"https:\/\/zennative.fi\/et\/muugitingimused\/","title":{"rendered":"M\u00fc\u00fcgitingimused"},"content":{"rendered":"\t\t<div data-elementor-type=\"wp-page\" data-elementor-id=\"29656\" class=\"elementor elementor-29656\" data-elementor-post-type=\"page\">\n\t\t\t\t\t\t<section class=\"elementor-section elementor-top-section elementor-element elementor-element-9a40cef elementor-reverse-tablet elementor-reverse-mobile elementor-section-boxed elementor-section-height-default elementor-section-height-default\" data-id=\"9a40cef\" data-element_type=\"section\" data-e-type=\"section\">\n\t\t\t\t\t\t<div class=\"elementor-container elementor-column-gap-wide\">\n\t\t\t\t\t<div class=\"elementor-column elementor-col-50 elementor-top-column elementor-element elementor-element-4205337\" data-id=\"4205337\" data-element_type=\"column\" data-e-type=\"column\">\n\t\t\t<div class=\"elementor-widget-wrap elementor-element-populated\">\n\t\t\t\t\t\t<div class=\"elementor-element elementor-element-b44398e elementor-widget elementor-widget-text-editor\" data-id=\"b44398e\" data-element_type=\"widget\" data-e-type=\"widget\" data-widget_type=\"text-editor.default\">\n\t\t\t\t<div class=\"elementor-widget-container\">\n\t\t\t\t\t\t\t\t\t<h4>M\u00fc\u00fcgi- ja tagastustingimused<\/h4>\nVeebipoe https:\/\/<strong>www.zennative.fi<\/strong> omanik on <strong>Integritas s.r.o.<\/strong>.\n<h4>M\u00fc\u00fcgilepingu kehtivus, kauba- ja hinnainfo<\/h4>\nM\u00fc\u00fcgitingimused kehtivad <strong>https:\/\/www.zennative.fi <\/strong>(edaspidi <strong>Veebipood<\/strong>) ja <strong>klientide<\/strong> (edaspidi <strong>Klient<\/strong>) vahel kauba ostmisest tulenevate \u00f5iguste ja kohustuste osas.\n\nM\u00fc\u00fcgitingimused kehtivad Veebipoest kaupade ostmisel.\n\nVeebipoes m\u00fc\u00fcdavate toodete hinnad on m\u00e4rgitud toodete juurde. Hinnale ei lisandu tasu kauba kohaletoimetamise eest.\n\nInfo kauba kohta on toodud Veebipoes vahetult kauba juures.\n\nVeebipood j\u00e4tab endale \u00f5iguse muuta m\u00fc\u00fcgitingimusi ja m\u00fc\u00fcgihindu. Need muudatused kajastuvad veebisaidil.\n<h4>Tellimuse esitamine<\/h4>\nKauba tellimiseks tuleb soovitud tooted ostukorvi lisada. Tellimuse vormistamiseks tuleb t\u00e4ita n\u00f5utud andmev\u00e4ljad ning valida sobiv toote kohaletoimetamise viis. Seej\u00e4rel kuvatakse ekraanile tasu suurus, mida saab tasuda pangalingi v\u00f5i m\u00f5ne muu makselahenduse kaudu.\n<h4>Leping j\u00f5ustub summa laekumisest Veebipoe arvelduskontole.<\/h4>\nKui tellitud kaupa ei ole v\u00f5imalik kauba l\u00f5ppemise t\u00f5ttu v\u00f5i muul p\u00f5hjusel tarnida, teavitatakse sellest Klienti esimesel v\u00f5imalusel ning tagastatakse tasutud raha (sh kohaletoimetamise kulud) viivitamata, kuid mitte hiljem kui 14. p\u00e4eva jooksul teate saatmisest.\n<h4>Hinnad<\/h4>\nVeebipood j\u00e4tab endale \u00f5iguse hindu korrigeerida. Kui Klient esitas oma tellimuse enne hinnamuudatuste j\u00f5ustumist, siis temale kehtib kauba hind, mis kajastus arve esitamise hetkel. Kliendil ei ole \u00f5igust n\u00f5uda vahe h\u00fcvitamist.\n<h4>Kohaletoimetamine<\/h4>\nKaup saadetakse j\u00e4rgmistesse riikidesse: Eesti, L\u00e4ti, Leedu ja Soome\n\nSaatekulud kannab Veebipood.\n\nK\u00f5ik saadetised j\u00f5uavad Kliendi m\u00e4\u00e4ratud sihtkohta \u00fcldjuhul 2-7 t\u00f6\u00f6p\u00e4eva jooksul alates m\u00fc\u00fcgilepingu j\u00f5ustumisest.\n<h4>Vastutus ja v\u00e4\u00e4ramatu j\u00f5ud<\/h4>\nVeebipood ei vastuta ostjale tekitatud kahjude v\u00f5i toote kohaletoimetamise viibimise eest juhul, kui kahju v\u00f5i toote kohaletoimetamise viibimine on tingitud asjaolust, mida Veebipood ei saanud m\u00f5jutada ega ette n\u00e4ha.\n<h4>Taganemis\u00f5igus<\/h4>\nhttps:\/\/www.zennative.lt veebipoest ostetud kaupadele kehtib Eesti Vabariigi seadustega etten\u00e4htud garantii ja tagastamise kord. Ostetud kaubal on 14-p\u00e4evane kauba tagastamise \u00f5igus kauba k\u00e4ttesaamisel.\n\nTaganemis\u00f5igus ei kehti, kui ostjaks on juriidiline isik.\n\nTagastatav kaup peab olema kasutamata, kahjustamata ja originaalpakendis.\n\nKauba tagastamise kulud kannab klient, v\u00e4lja arvatud juhul, kui tagastamise p\u00f5hjuseks on tellitud kaubale mittevastavus v\u00f5i puudusega kaup..\n\nKui kaupa on kasutatud muul otstarbel kui see, mis on vajalik kauba olemuses, omadustes ja toimimises veendumiseks v\u00f5i sellel on kasutamise v\u00f5i kulumise m\u00e4rke, on Veebipoel \u00f5igus alandada tagastatavat tasu vastavalt kauba v\u00e4\u00e4rtuse v\u00e4henemisele. Kaubad.\n\nKauba tagastamise soovist peab klient teatama 30 p\u00e4eva jooksul peale kauba k\u00e4ttesaamist, kirjutades vabas vormis avalduse e-posti aadressile info@zennative.ee. Avalduses tuleb m\u00e4rkida kliendi nimi, toote nimi ja tellimuse number.\n\nKliendile h\u00fcvitatakse tagastatud kauba eest viivitamata, kuid mitte hiljem kui 14 p\u00e4eva jooksul p\u00e4rast taganemisavalduse saamist.\n\nKlient peab kauba tagastama 14 p\u00e4eva jooksul avalduse esitamisest v\u00f5i esitama t\u00f5endi, et on eelnimetatud perioodi jooksul kauba \u00fcle andnud vedajale.\n\nVeebipood v\u00f5ib keelduda raha tagasimaksmisest seni, kuni lepingu esemeks olev kaup on tagastatud v\u00f5i ostja on esitanud t\u00f5endi, et ta on kauba tagastanud, olenevalt sellest, kumb toimub varem.\n\nKiiresti riknevaid ja aegunud tooteid ei tagastata.\n\nVeebipoel on \u00f5igus m\u00fc\u00fcgitehingust taganeda ja kaup Kleindilt tagasi n\u00f5uda, kui e-poes on kauba hind eksituse t\u00f5ttu m\u00e4rgitud oluliselt alla kauba turuhinna.\n<h4>Muud tingimused<\/h4>\nVeebipood ei vastuta puuduste eest, mis on tekkinud p\u00e4rast kauba \u00fcleandmist kliendile.\n\nKui Veebipoest ostetud kaubal on puudused, mille eest Veebipood vastutab, parandab v\u00f5i asendab Veebipood puudusega kauba. Kui kaupa ei ole v\u00f5imalik parandada v\u00f5i asendada, tagastab Veebipood kliendile k\u00f5ik <span style=\"color: var(--the7-base-color); font: var(--the7-base-font-big); letter-spacing: var(--the7-base-letter-spacing); text-transform: var(--the7-base-text-transform); word-spacing: normal; text-decoration: var(--the7-base-text-decoration);\">m\u00fc\u00fcgilepinguga kaasnevad tasud.<\/span>\n\nVeebipood vastab tarbija kaebusele kirjalikult v\u00f5i kirjalikku taasesitamist v\u00f5imaldavas vormis 15 p\u00e4eva jooksul.\n<h4>Otseturundus ja isikuandmete t\u00f6\u00f6tlemine<\/h4>\nVeebipood kasutab Kliendi sisestatud isikuandmeid (sh nimi, telefoninumber, aadress, e-posti aadress, pangarekvisiidid) ainult tellimuse t\u00f6\u00f6tlemiseks ja kauba Kliendile saatmiseks. Veebipood edastab isikuandmeid transporditeenust osutavale ettev\u00f5ttele kauba kohaletoimetamiseks.\n\nVeebipood saadab Kliendile uudiskirju ja pakkumisi Kliendi e-posti aadressile ainult juhul, kui Klient on veebilehel e-posti aadressi sisestades selleks soovi avaldanud ja teatanud oma soovist saada otsepostitusteateid.\n\nOstjal on igal ajal v\u00f5imalus e-postile saadetud pakkumistest ja uudiskirjadest loobuda, teavitades sellest meid e-kirja teel v\u00f5i j\u00e4rgides pakkumisi sisaldavas e-kirjas toodud juhiseid.\n<h4>Argumentide lahendamine<\/h4>\nKui kliendil on Veebipoe osas pretensioone, tuleb need saata e-posti aadressile: <a href=\"mailto:tallinn@zennative.ee\">info@zennative.ee<\/a> v\u00f5i telefonil: <a href=\"tel:0037255524424\">+372 555 24 424<\/a>\n\nK\u00e4esolevatest tingimustest tulenevad vaidlused ja erimeelsused lahendatakse pooltevaheliste l\u00e4bir\u00e4\u00e4kimiste teel. Kui pooltest tekkinud vaidlusi ja erimeelsusi ei \u00f5nnestu lahendada pooltevaheliste l\u00e4bir\u00e4\u00e4kimiste teel, on m\u00f5lemal poolel \u00f5igus p\u00f6\u00f6rduda oma \u00f5iguste kaitseks Tarbijakaitseametisse v\u00f5i kohtusse.\t\t\t\t\t\t\t\t<\/div>\n\t\t\t\t<\/div>\n\t\t\t\t\t<\/div>\n\t\t<\/div>\n\t\t\t\t<div class=\"elementor-column elementor-col-50 elementor-top-column elementor-element elementor-element-7db51b5\" data-id=\"7db51b5\" data-element_type=\"column\" data-e-type=\"column\">\n\t\t\t<div class=\"elementor-widget-wrap\">\n\t\t\t\t\t\t\t<\/div>\n\t\t<\/div>\n\t\t\t\t\t<\/div>\n\t\t<\/section>\n\t\t\t\t<\/div>\n\t\t","protected":false},"excerpt":{"rendered":"<p>M\u00fc\u00fcgi- ja tagastustingimused Veebipoe https:\/\/www.zennative.fi omanik on Integritas s.r.o.. M\u00fc\u00fcgilepingu kehtivus, kauba- ja hinnainfo M\u00fc\u00fcgitingimused kehtivad https:\/\/www.zennative.fi (edaspidi Veebipood) ja klientide (edaspidi Klient) vahel kauba ostmisest tulenevate \u00f5iguste ja kohustuste osas. M\u00fc\u00fcgitingimused kehtivad Veebipoest kaupade ostmisel. Veebipoes m\u00fc\u00fcdavate toodete hinnad on m\u00e4rgitud toodete juurde. Hinnale ei lisandu tasu kauba kohaletoimetamise eest. Info kauba kohta on&hellip;<\/p>\n","protected":false},"author":1,"featured_media":0,"parent":0,"menu_order":100,"comment_status":"closed","ping_status":"closed","template":"","meta":{"footnotes":""},"class_list":["post-29656","page","type-page","status-publish","hentry"],"_links":{"self":[{"href":"https:\/\/zennative.fi\/et\/wp-json\/wp\/v2\/pages\/29656","targetHints":{"allow":["GET"]}}],"collection":[{"href":"https:\/\/zennative.fi\/et\/wp-json\/wp\/v2\/pages"}],"about":[{"href":"https:\/\/zennative.fi\/et\/wp-json\/wp\/v2\/types\/page"}],"author":[{"embeddable":true,"href":"https:\/\/zennative.fi\/et\/wp-json\/wp\/v2\/users\/1"}],"replies":[{"embeddable":true,"href":"https:\/\/zennative.fi\/et\/wp-json\/wp\/v2\/comments?post=29656"}],"version-history":[{"count":10,"href":"https:\/\/zennative.fi\/et\/wp-json\/wp\/v2\/pages\/29656\/revisions"}],"predecessor-version":[{"id":80786,"href":"https:\/\/zennative.fi\/et\/wp-json\/wp\/v2\/pages\/29656\/revisions\/80786"}],"wp:attachment":[{"href":"https:\/\/zennative.fi\/et\/wp-json\/wp\/v2\/media?parent=29656"}],"curies":[{"name":"wp","href":"https:\/\/api.w.org\/{rel}","templated":true}]}}