{"id":41911,"date":"2022-03-23T12:40:27","date_gmt":"2022-03-23T10:40:27","guid":{"rendered":"https:\/\/lt.zennative.ee\/?page_id=41911"},"modified":"2022-11-10T18:02:42","modified_gmt":"2022-11-10T16:02:42","slug":"lugemisnurk-ehk-blogi","status":"publish","type":"page","link":"https:\/\/zennative.fi\/et\/lugemisnurk-ehk-blogi\/","title":{"rendered":"Lugemisnurk ehk Blogi"},"content":{"rendered":"\t\t<div data-elementor-type=\"wp-page\" data-elementor-id=\"41911\" class=\"elementor elementor-41911\" data-elementor-post-type=\"page\">\n\t\t\t\t\t\t<section class=\"elementor-section elementor-top-section elementor-element elementor-element-d44d6a9 elementor-section-boxed elementor-section-height-default elementor-section-height-default\" data-id=\"d44d6a9\" data-element_type=\"section\" data-e-type=\"section\">\n\t\t\t\t\t\t<div class=\"elementor-container elementor-column-gap-default\">\n\t\t\t\t\t<div class=\"elementor-column elementor-col-100 elementor-top-column elementor-element elementor-element-a79eb61\" data-id=\"a79eb61\" data-element_type=\"column\" data-e-type=\"column\">\n\t\t\t<div class=\"elementor-widget-wrap elementor-element-populated\">\n\t\t\t\t\t\t<div class=\"elementor-element elementor-element-b025f16 elementor-hidden-desktop elementor-hidden-tablet elementor-hidden-mobile elementor-widget elementor-widget-image\" data-id=\"b025f16\" data-element_type=\"widget\" data-e-type=\"widget\" data-widget_type=\"image.default\">\n\t\t\t\t<div class=\"elementor-widget-container\">\n\t\t\t\t\t\t\t\t\t\t\t\t\t\t\t<img fetchpriority=\"high\" decoding=\"async\" width=\"754\" height=\"129\" src=\"https:\/\/zennative.fi\/wp-content\/uploads\/2022\/09\/Zen_Native_Logo_EST.png\" class=\"attachment-large size-large wp-image-44342\" alt=\"blogi\" srcset=\"https:\/\/zennative.fi\/wp-content\/uploads\/2022\/09\/Zen_Native_Logo_EST.png 754w, https:\/\/zennative.fi\/wp-content\/uploads\/2022\/09\/Zen_Native_Logo_EST-300x51.png 300w\" sizes=\"(max-width: 754px) 100vw, 754px\" \/>\t\t\t\t\t\t\t\t\t\t\t\t\t\t\t<\/div>\n\t\t\t\t<\/div>\n\t\t\t\t<div class=\"elementor-element elementor-element-324b0a3 elementor-grid-3 elementor-grid-tablet-2 elementor-grid-mobile-1 elementor-posts--thumbnail-top elementor-widget elementor-widget-posts\" data-id=\"324b0a3\" data-element_type=\"widget\" data-e-type=\"widget\" data-settings=\"{&quot;classic_columns&quot;:&quot;3&quot;,&quot;classic_columns_tablet&quot;:&quot;2&quot;,&quot;classic_columns_mobile&quot;:&quot;1&quot;,&quot;classic_row_gap&quot;:{&quot;unit&quot;:&quot;px&quot;,&quot;size&quot;:35,&quot;sizes&quot;:[]},&quot;classic_row_gap_tablet&quot;:{&quot;unit&quot;:&quot;px&quot;,&quot;size&quot;:&quot;&quot;,&quot;sizes&quot;:[]},&quot;classic_row_gap_mobile&quot;:{&quot;unit&quot;:&quot;px&quot;,&quot;size&quot;:&quot;&quot;,&quot;sizes&quot;:[]}}\" data-widget_type=\"posts.classic\">\n\t\t\t\t<div class=\"elementor-widget-container\">\n\t\t\t\t\t\t\t<div class=\"elementor-posts-container elementor-posts elementor-posts--skin-classic elementor-grid\" role=\"list\">\n\t\t\t\t<article class=\"elementor-post elementor-grid-item post-42027 post type-post status-publish format-standard has-post-thumbnail hentry category-info tag-abi tag-arevus tag-cbd tag-cbd-oli tag-covid tag-immuunsusteem tag-kaitse tag-kanep tag-kuidas tag-unetus\" role=\"listitem\">\n\t\t\t\t<a class=\"elementor-post__thumbnail__link\" href=\"https:\/\/zennative.fi\/et\/info\/cbd-oli-tugevdab-immuunsusteem-arevuse-vastu\/\" tabindex=\"-1\" >\n\t\t\t<div class=\"elementor-post__thumbnail\"><img decoding=\"async\" width=\"200\" height=\"300\" src=\"https:\/\/zennative.fi\/wp-content\/uploads\/2022\/02\/DSCF3761-200x300.jpg\" class=\"attachment-medium size-medium wp-image-41245\" alt=\"\u00e4revuse vastu\" srcset=\"https:\/\/zennative.fi\/wp-content\/uploads\/2022\/02\/DSCF3761-200x300.jpg 200w, https:\/\/zennative.fi\/wp-content\/uploads\/2022\/02\/DSCF3761-683x1024.jpg 683w, https:\/\/zennative.fi\/wp-content\/uploads\/2022\/02\/DSCF3761-768x1152.jpg 768w, https:\/\/zennative.fi\/wp-content\/uploads\/2022\/02\/DSCF3761-1024x1536.jpg 1024w, https:\/\/zennative.fi\/wp-content\/uploads\/2022\/02\/DSCF3761-1365x2048.jpg 1365w, https:\/\/zennative.fi\/wp-content\/uploads\/2022\/02\/DSCF3761-1200x1800.jpg 1200w, https:\/\/zennative.fi\/wp-content\/uploads\/2022\/02\/DSCF3761-150x225.jpg 150w, https:\/\/zennative.fi\/wp-content\/uploads\/2022\/02\/DSCF3761-scaled.jpg 533w\" sizes=\"(max-width: 200px) 100vw, 200px\" \/><\/div>\n\t\t<\/a>\n\t\t\t\t<div class=\"elementor-post__text\">\n\t\t\t\t<h3 class=\"elementor-post__title\">\n\t\t\t<a href=\"https:\/\/zennative.fi\/et\/info\/cbd-oli-tugevdab-immuunsusteem-arevuse-vastu\/\" >\n\t\t\t\t3 p\u00f5hjust | CBD \u00f5li tugevdab immuuns\u00fcsteemi\t\t\t<\/a>\n\t\t<\/h3>\n\t\t\t\t<div class=\"elementor-post__meta-data\">\n\t\t\t\t\t<span class=\"elementor-post-date\">\n\t\t\t23. veebr. 2022\t\t<\/span>\n\t\t\t\t<\/div>\n\t\t\t\t<div class=\"elementor-post__excerpt\">\n\t\t\t<p>Iga p\u00e4ev ohustavad meie kehasid erinevad haigused ja infektsioonid. Koos temperatuuri langusega, muutuvad aktiivsemaks ka k\u00fclma armastavad bakterid ja viirused nagu gripp ning COVID-19. Seet\u00f5ttu<\/p>\n\t\t<\/div>\n\t\t\n\t\t<a class=\"elementor-post__read-more\" href=\"https:\/\/zennative.fi\/et\/info\/cbd-oli-tugevdab-immuunsusteem-arevuse-vastu\/\" aria-label=\"Read more about 3 p\u00f5hjust | CBD \u00f5li tugevdab immuuns\u00fcsteemi\" tabindex=\"-1\" >\n\t\t\tLoe edasi \u00bb\t\t<\/a>\n\n\t\t\t\t<\/div>\n\t\t\t\t<\/article>\n\t\t\t\t<article class=\"elementor-post elementor-grid-item post-42149 post type-post status-publish format-standard has-post-thumbnail hentry category-info tag-ajalugu tag-cbd-oli tag-cbd-pood tag-kanepioli tag-tekkelugu tag-zen-native\" role=\"listitem\">\n\t\t\t\t<a class=\"elementor-post__thumbnail__link\" href=\"https:\/\/zennative.fi\/et\/info\/zen-native-tekkelugu\/\" tabindex=\"-1\" >\n\t\t\t<div class=\"elementor-post__thumbnail\"><img decoding=\"async\" width=\"300\" height=\"263\" src=\"https:\/\/zennative.fi\/wp-content\/uploads\/2021\/12\/ZenNative_first_CBD_oil-300x263.png\" class=\"attachment-medium size-medium wp-image-40799\" alt=\"\" srcset=\"https:\/\/zennative.fi\/wp-content\/uploads\/2021\/12\/ZenNative_first_CBD_oil-300x263.png 300w, https:\/\/zennative.fi\/wp-content\/uploads\/2021\/12\/ZenNative_first_CBD_oil-1024x896.png 1024w, https:\/\/zennative.fi\/wp-content\/uploads\/2021\/12\/ZenNative_first_CBD_oil-768x672.png 768w, https:\/\/zennative.fi\/wp-content\/uploads\/2021\/12\/ZenNative_first_CBD_oil-1200x1050.png 1200w, https:\/\/zennative.fi\/wp-content\/uploads\/2021\/12\/ZenNative_first_CBD_oil.png 800w\" sizes=\"(max-width: 300px) 100vw, 300px\" \/><\/div>\n\t\t<\/a>\n\t\t\t\t<div class=\"elementor-post__text\">\n\t\t\t\t<h3 class=\"elementor-post__title\">\n\t\t\t<a href=\"https:\/\/zennative.fi\/et\/info\/zen-native-tekkelugu\/\" >\n\t\t\t\tZen Native tekkelugu\t\t\t<\/a>\n\t\t<\/h3>\n\t\t\t\t<div class=\"elementor-post__meta-data\">\n\t\t\t\t\t<span class=\"elementor-post-date\">\n\t\t\t9. veebr. 2022\t\t<\/span>\n\t\t\t\t<\/div>\n\t\t\t\t<div class=\"elementor-post__excerpt\">\n\t\t\t<p>2019 Zen native idee Zen Native idee tekkis 2019 l\u00f5pus, kui Eero n\u00e4gi kuidas toonasesse Eesti esimesse CBD poodi sisenes \u00fcks proua, \u00f5nnest silmad m\u00e4rjad,<\/p>\n\t\t<\/div>\n\t\t\n\t\t<a class=\"elementor-post__read-more\" href=\"https:\/\/zennative.fi\/et\/info\/zen-native-tekkelugu\/\" aria-label=\"Read more about Zen Native tekkelugu\" tabindex=\"-1\" >\n\t\t\tLoe edasi \u00bb\t\t<\/a>\n\n\t\t\t\t<\/div>\n\t\t\t\t<\/article>\n\t\t\t\t<\/div>\n\t\t\n\t\t\t\t\t\t<\/div>\n\t\t\t\t<\/div>\n\t\t\t\t\t<\/div>\n\t\t<\/div>\n\t\t\t\t\t<\/div>\n\t\t<\/section>\n\t\t\t\t<\/div>\n\t\t","protected":false},"excerpt":{"rendered":"<p>2019 Zen native ideeZen Native idee tekkis 2019 l\u00f5pus, kui Eero n\u00e4gi kuidas toonasesse Eesti esimesse CBD poodi sisenes \u00fcks proua, \u00f5nnest silmad m\u00e4rjad, tuli ja kallistas sealset m\u00fc\u00fcjat. &#8220;Ta oli nii liigutatud sellest leevendusest, mida CBD oli tema abikaasale pakkunud.&#8221; Selle n\u00e4gemine oli Eero jaoks midagi t\u00e4iesti uut. &#8220;Sellist reaktsiooni v\u00f5iks kohata vaid siis&hellip;<\/p>\n","protected":false},"author":1,"featured_media":0,"parent":0,"menu_order":0,"comment_status":"closed","ping_status":"closed","template":"template-blog-list.php","meta":{"footnotes":""},"class_list":["post-41911","page","type-page","status-publish","hentry"],"_links":{"self":[{"href":"https:\/\/zennative.fi\/et\/wp-json\/wp\/v2\/pages\/41911","targetHints":{"allow":["GET"]}}],"collection":[{"href":"https:\/\/zennative.fi\/et\/wp-json\/wp\/v2\/pages"}],"about":[{"href":"https:\/\/zennative.fi\/et\/wp-json\/wp\/v2\/types\/page"}],"author":[{"embeddable":true,"href":"https:\/\/zennative.fi\/et\/wp-json\/wp\/v2\/users\/1"}],"replies":[{"embeddable":true,"href":"https:\/\/zennative.fi\/et\/wp-json\/wp\/v2\/comments?post=41911"}],"version-history":[{"count":10,"href":"https:\/\/zennative.fi\/et\/wp-json\/wp\/v2\/pages\/41911\/revisions"}],"predecessor-version":[{"id":45138,"href":"https:\/\/zennative.fi\/et\/wp-json\/wp\/v2\/pages\/41911\/revisions\/45138"}],"wp:attachment":[{"href":"https:\/\/zennative.fi\/et\/wp-json\/wp\/v2\/media?parent=41911"}],"curies":[{"name":"wp","href":"https:\/\/api.w.org\/{rel}","templated":true}]}}