{"id":48065,"date":"2023-04-06T18:19:00","date_gmt":"2023-04-06T16:19:00","guid":{"rendered":"https:\/\/zennative.fi\/?page_id=48065"},"modified":"2023-11-16T09:32:13","modified_gmt":"2023-11-16T07:32:13","slug":"korduvad-kusimused","status":"publish","type":"page","link":"https:\/\/zennative.fi\/et\/korduvad-kusimused\/","title":{"rendered":"Korduvad k\u00fcsimused"},"content":{"rendered":"\t\t<div data-elementor-type=\"wp-page\" data-elementor-id=\"48065\" class=\"elementor elementor-48065\" data-elementor-post-type=\"page\">\n\t\t\t\t\t\t<section class=\"elementor-section elementor-top-section elementor-element elementor-element-19d7267c elementor-section-boxed elementor-section-height-default elementor-section-height-default\" data-id=\"19d7267c\" data-element_type=\"section\" data-e-type=\"section\">\n\t\t\t\t\t\t<div class=\"elementor-container elementor-column-gap-default\">\n\t\t\t\t\t<div class=\"elementor-column elementor-col-100 elementor-top-column elementor-element elementor-element-3a4f76be\" data-id=\"3a4f76be\" data-element_type=\"column\" data-e-type=\"column\" data-settings=\"{&quot;background_background&quot;:&quot;slideshow&quot;,&quot;background_slideshow_gallery&quot;:[],&quot;background_slideshow_loop&quot;:&quot;yes&quot;,&quot;background_slideshow_slide_duration&quot;:5000,&quot;background_slideshow_slide_transition&quot;:&quot;fade&quot;,&quot;background_slideshow_transition_duration&quot;:500}\">\n\t\t\t<div class=\"elementor-widget-wrap elementor-element-populated\">\n\t\t\t\t\t\t<div class=\"elementor-element elementor-element-52259165 elementor-widget elementor-widget-heading\" data-id=\"52259165\" data-element_type=\"widget\" data-e-type=\"widget\" data-widget_type=\"heading.default\">\n\t\t\t\t<div class=\"elementor-widget-container\">\n\t\t\t\t\t<h3 class=\"elementor-heading-title elementor-size-medium\">Korduvad k\u00fcsimused<\/h3>\t\t\t\t<\/div>\n\t\t\t\t<\/div>\n\t\t\t\t\t<\/div>\n\t\t<\/div>\n\t\t\t\t\t<\/div>\n\t\t<\/section>\n\t\t\t\t<section class=\"elementor-section elementor-top-section elementor-element elementor-element-78add075 elementor-section-boxed elementor-section-height-default elementor-section-height-default\" data-id=\"78add075\" data-element_type=\"section\" data-e-type=\"section\">\n\t\t\t\t\t\t<div class=\"elementor-container elementor-column-gap-default\">\n\t\t\t\t\t<div class=\"elementor-column elementor-col-50 elementor-top-column elementor-element elementor-element-3776c3e3\" data-id=\"3776c3e3\" data-element_type=\"column\" data-e-type=\"column\">\n\t\t\t<div class=\"elementor-widget-wrap elementor-element-populated\">\n\t\t\t\t\t\t<section class=\"elementor-section elementor-inner-section elementor-element elementor-element-187947d9 elementor-section-boxed elementor-section-height-default elementor-section-height-default\" data-id=\"187947d9\" data-element_type=\"section\" data-e-type=\"section\" data-settings=\"{&quot;sticky&quot;:&quot;top&quot;,&quot;sticky_offset&quot;:50,&quot;sticky_parent&quot;:&quot;yes&quot;,&quot;sticky_on&quot;:[&quot;desktop&quot;,&quot;tablet&quot;,&quot;mobile&quot;],&quot;sticky_effects_offset&quot;:0,&quot;sticky_anchor_link_offset&quot;:0}\">\n\t\t\t\t\t\t<div class=\"elementor-container elementor-column-gap-default\">\n\t\t\t\t\t<div class=\"elementor-column elementor-col-100 elementor-inner-column elementor-element elementor-element-72e26cd5\" data-id=\"72e26cd5\" data-element_type=\"column\" data-e-type=\"column\">\n\t\t\t<div class=\"elementor-widget-wrap elementor-element-populated\">\n\t\t\t\t\t\t<div class=\"elementor-element elementor-element-214dbacb elementor-widget elementor-widget-table-of-contents\" data-id=\"214dbacb\" data-element_type=\"widget\" data-e-type=\"widget\" data-settings=\"{&quot;headings_by_tags&quot;:[&quot;h3&quot;],&quot;exclude_headings_by_selector&quot;:[],&quot;marker_view&quot;:&quot;bullets&quot;,&quot;icon&quot;:{&quot;value&quot;:&quot;&quot;,&quot;library&quot;:&quot;&quot;},&quot;no_headings_message&quot;:&quot;No headings were found on this page.&quot;,&quot;hierarchical_view&quot;:&quot;yes&quot;,&quot;min_height&quot;:{&quot;unit&quot;:&quot;px&quot;,&quot;size&quot;:&quot;&quot;,&quot;sizes&quot;:[]},&quot;min_height_tablet&quot;:{&quot;unit&quot;:&quot;px&quot;,&quot;size&quot;:&quot;&quot;,&quot;sizes&quot;:[]},&quot;min_height_mobile&quot;:{&quot;unit&quot;:&quot;px&quot;,&quot;size&quot;:&quot;&quot;,&quot;sizes&quot;:[]}}\" data-widget_type=\"table-of-contents.default\">\n\t\t\t\t<div class=\"elementor-widget-container\">\n\t\t\t\t\t\t\t\t\t<div class=\"elementor-toc__header\">\n\t\t\t\t\t\t<h4 class=\"elementor-toc__header-title\">\n\t\t\t\tSisukord\t\t\t<\/h4>\n\t\t\t\t\t\t\t\t<\/div>\n\t\t\t\t<div id=\"elementor-toc__214dbacb\" class=\"elementor-toc__body\">\n\t\t\t<div class=\"elementor-toc__spinner-container\">\n\t\t\t\t<i class=\"elementor-toc__spinner eicon-animation-spin eicon-loading\" aria-hidden=\"true\"><\/i>\t\t\t<\/div>\n\t\t<\/div>\n\t\t\t\t\t\t<\/div>\n\t\t\t\t<\/div>\n\t\t\t\t\t<\/div>\n\t\t<\/div>\n\t\t\t\t\t<\/div>\n\t\t<\/section>\n\t\t\t\t\t<\/div>\n\t\t<\/div>\n\t\t\t\t<div class=\"elementor-column elementor-col-50 elementor-top-column elementor-element elementor-element-6c5f9aaf\" data-id=\"6c5f9aaf\" data-element_type=\"column\" data-e-type=\"column\">\n\t\t\t<div class=\"elementor-widget-wrap elementor-element-populated\">\n\t\t\t\t\t\t<div class=\"elementor-element elementor-element-42e066a9 elementor-widget elementor-widget-text-editor\" data-id=\"42e066a9\" data-element_type=\"widget\" data-e-type=\"widget\" data-widget_type=\"text-editor.default\">\n\t\t\t\t<div class=\"elementor-widget-container\">\n\t\t\t\t\t\t\t\t\t<h3 id=\"cbd-kosmeetika\">1) Mis vahe on mustal ja valgel pudelil? Millise peaksin ma valima?<\/h3><p>Enamus inimesi on saanud abi mustast. See on looduslikum. See on m\u00f5juvam. Sellep\u00e4rast me olemegi tuntud. Selles on k\u00f5ik, mida kanepitaim suudab pakkuda. Kuna Full Spectrum \u00f5li sisaldab ka teisi kannabinoide peale CBD nagu THC, CBC, CBN ja CBG, sellest ka nimetus Full Spectrum, siis see imeline kooslus just teebki selle \u00f5li nii t\u00f5husaks.<\/p>\t\t\t\t\t\t\t\t<\/div>\n\t\t\t\t<\/div>\n\t\t\t\t<div class=\"elementor-element elementor-element-980c38a elementor-widget elementor-widget-text-editor\" data-id=\"980c38a\" data-element_type=\"widget\" data-e-type=\"widget\" data-widget_type=\"text-editor.default\">\n\t\t\t\t<div class=\"elementor-widget-container\">\n\t\t\t\t\t\t\t\t\t<h3 id=\"cbd-kosmeetika\">2) Miks siis valge?<\/h3><p>Valge on puhas kristalliseerunud CBD. <br \/>See on m\u00f5nikord parem p\u00e4evaseks kasutamiseks. N\u00e4iteks tundlike inimeste jaoks, kes v\u00f5ivad j\u00e4\u00e4da Full Spectrumi puhul uniseks v\u00f5i tunda tugevat m\u00f5ju mitte vajalikul hetkel.<\/p><p>Sobib nendele, kes ei talu Full Spectrumi l\u00f5hna ja maitset. Kristall CBD \u00f5li on \u00fcsna maitsetu. Osadele v\u00e4hiravi patsientidele. <\/p><p>Ja tippsportlastele, kes peavad l\u00e4bima WADA teste, sest WADA lubab ainult CBD-d, mitte muid kannabinoide. <\/p><p>Ka m\u00f5nede riikide jaoks, kuhu soovite reisida. (Ei soovitata reisida v\u00e4ljaspool EL-i, mis tahes CBD-\u00f5liga, kui ei ole kindel, kas see on lubatud). <\/p>\t\t\t\t\t\t\t\t<\/div>\n\t\t\t\t<\/div>\n\t\t\t\t<div class=\"elementor-element elementor-element-411dc6d3 elementor-widget elementor-widget-text-editor\" data-id=\"411dc6d3\" data-element_type=\"widget\" data-e-type=\"widget\" data-widget_type=\"text-editor.default\">\n\t\t\t\t<div class=\"elementor-widget-container\">\n\t\t\t\t\t\t\t\t\t<h3 id=\"cbd-kosmeetika\">3) Millise peaksin ma valima?<\/h3><p>5%-e on peamiselt lemmikloomade v\u00f5i laste jaoks. See on ohutu lemmikloomadele ja lastele + 1a. ja sobib ka neile.<br \/><br \/>Full Spectrum 15 % &#8211; kuldne kesktee. Sobib neile, kellel on kergemad vaegused ala kerged uneh\u00e4ired ja \u00e4revus.<br \/><br \/>Full Spectrum 30 &#8211; igati k\u00f5ige t\u00f5husam. Sobib neile, kellel on t\u00f5siseimad terviseprobleemid, igap\u00e4evased une ja \u00e4revush\u00e4ired, p\u00e4rast rasket haigust taastumiseks v\u00f5i leevendamiseks. 30%-e Full Spectrum tuleb isegi odavamalt CBD kontsentratsiooni kohta k\u00e4tte ja v\u00f5ib kesta soovitatud 1 kuu pikkuse ravikuuri jaoks.<br \/><br \/>Pudelid on k\u00f5ik sama suured ( 10 ml ) ja sisaldavad v\u00e4hemalt 200 tilka.<\/p>\t\t\t\t\t\t\t\t<\/div>\n\t\t\t\t<\/div>\n\t\t\t\t<div class=\"elementor-element elementor-element-13ab2b1 elementor-widget elementor-widget-text-editor\" data-id=\"13ab2b1\" data-element_type=\"widget\" data-e-type=\"widget\" data-widget_type=\"text-editor.default\">\n\t\t\t\t<div class=\"elementor-widget-container\">\n\t\t\t\t\t\t\t\t\t<h3 id=\"cbd-kosmeetika\">4) Mitu tilka ma peaksin v\u00f5tma?<\/h3><p>Optimaalne on alustada selle valemiga :<br \/>Full Spectrum \u00f5li:<\/p><ul><li>30%-e 1 tilk 20 kg kehamassi kohta<\/li><li>15%-e 1 tilk 10kg kehamassi kohta<\/li><li>5%-e 1 tilk 3,5 kg kehamassi kohta<\/li><\/ul><p>Need on optimaalsed kogused ja neid v\u00f5ib korrata, kui m\u00f5ju pole tuntav. Soovituslikud maksimumid on 10x suuremad. Kuigi rohkem CBD ei t\u00e4henda tingimata, et see toimib paremini, see v\u00f5ib olla lihtsalt raiskamine. Proovige leida oma keha ja ainevahetuse jaoks optimaalne v\u00e4ikseim annus.<\/p>\t\t\t\t\t\t\t\t<\/div>\n\t\t\t\t<\/div>\n\t\t\t\t<div class=\"elementor-element elementor-element-38b25288 elementor-widget elementor-widget-text-editor\" data-id=\"38b25288\" data-element_type=\"widget\" data-e-type=\"widget\" data-widget_type=\"text-editor.default\">\n\t\t\t\t<div class=\"elementor-widget-container\">\n\t\t\t\t\t\t\t\t\t<h3 id=\"cbd-kosmeetika\"><span style=\"font-weight: 400;\">5) Milline on klientide tagasiside?<\/span><\/h3><p>Tagasiside on erakordselt hea. Meil on imelisi paranemise lugusid ja see aitab k\u00f5iki v\u00e4hemalt natuke. Tegemist on 100% loodusliku tootega, mis ei saa teid kahjustada. Kuid on v\u00e4ga t\u00f5en\u00e4oline, et see pakub tohutut leevendust paljudele probleemidele. \u00dche inimese hea tervenemise lugu saab aidata paljusi teisi, kes otsivad samamoodi leevendust nii et siinkohal saab iga\u00fcks ise ka kaasa aidata.<\/p>\t\t\t\t\t\t\t\t<\/div>\n\t\t\t\t<\/div>\n\t\t\t\t<div class=\"elementor-element elementor-element-68b3b395 elementor-widget elementor-widget-text-editor\" data-id=\"68b3b395\" data-element_type=\"widget\" data-e-type=\"widget\" data-widget_type=\"text-editor.default\">\n\t\t\t\t<div class=\"elementor-widget-container\">\n\t\t\t\t\t\t\t\t\t<h3 id=\"cbd-kosmeetika\"><span style=\"font-weight: 400;\">6) Kas see tekitab s\u00f5ltuvust? <\/span><\/h3><p>Ei, \u00fcldse mitte! See ei ole ps\u00fchhoaktiivne kanep, seega ei tekita s\u00f5ltuvust.<\/p>\t\t\t\t\t\t\t\t<\/div>\n\t\t\t\t<\/div>\n\t\t\t\t<div class=\"elementor-element elementor-element-3fa4fa89 elementor-widget elementor-widget-text-editor\" data-id=\"3fa4fa89\" data-element_type=\"widget\" data-e-type=\"widget\" data-widget_type=\"text-editor.default\">\n\t\t\t\t<div class=\"elementor-widget-container\">\n\t\t\t\t\t\t\t\t\t<h3 id=\"cbd-kosmeetika\">7) Kui kaua ma peaksin \u00f5li v\u00f5tma?<\/h3><p>Hea on alustada 1-3 kuu pikkuse kuuriga ja seej\u00e4rel teha 1-2 kuu pikkune paus. Vajadusel korrata kuuri v\u00f5i katkestada paus.<\/p>\t\t\t\t\t\t\t\t<\/div>\n\t\t\t\t<\/div>\n\t\t\t\t<div class=\"elementor-element elementor-element-7d6f8335 elementor-widget elementor-widget-text-editor\" data-id=\"7d6f8335\" data-element_type=\"widget\" data-e-type=\"widget\" data-widget_type=\"text-editor.default\">\n\t\t\t\t<div class=\"elementor-widget-container\">\n\t\t\t\t\t\t\t\t\t<h3 id=\"cbd-kosmeetika\">8) Kui kiiresti see m\u00f5jub?<\/h3><p>On olemas l\u00fchiajaline ja pikaajaline kasu. <br \/>See s\u00f5ltub teie ainevahetusest ja tundlikkusest, kuid l\u00fchiajalise kasu puhul peaks see v\u00e4hendama \u00e4revust, hirme ning meeltesagedust. Parandab und ning toetab teie immuuns\u00fcsteemi. Aitab v\u00e4hendada valusid ning p\u00f5letikke kehas. Hea n\u00e4rvis\u00fcsteemile ( rahustav m\u00f5ju ). Ning sobib h\u00e4sti liigeste ja lihasvalude puhul.<br \/><br \/>M\u00f5ju v\u00f5ib tulla 5-30 minuti jooksul. S\u00f5ltub tarvitamise hetkest nt. kas on \u00f5htune v\u00f5i hommikune aeg ning teie \u00fcle\u00fcldisest enesetundest. Kui m\u00f5ju pole tuntav, siis soovitatakse tarvitamist korrata. <br \/>Pikaajalise kasu saamiseks, t\u00f5sisemate terviseh\u00e4dade puhul, 2 &#8211; 6 n\u00e4dalat, et oleks muutus rakutasandil. <\/p>\t\t\t\t\t\t\t\t<\/div>\n\t\t\t\t<\/div>\n\t\t\t\t<div class=\"elementor-element elementor-element-2e59d320 elementor-widget elementor-widget-text-editor\" data-id=\"2e59d320\" data-element_type=\"widget\" data-e-type=\"widget\" data-widget_type=\"text-editor.default\">\n\t\t\t\t<div class=\"elementor-widget-container\">\n\t\t\t\t\t\t\t\t\t<h3 id=\"cbd-kosmeetika\">9) Millal ma peaksin CBD-\u00f5li v\u00f5tma?<\/h3><p>Parim on v\u00f5tta CBD-\u00f5li 30 minutit enne magamaminekut. Pange m\u00f5ned tilgad keele alla ja hoidke enne allaneelamist minut aega suus. <br \/>Igap\u00e4evase \u00e4revuse v\u00f5i muude p\u00e4evaste probleemide v\u00e4hendamiseks on vaja hommikune ja\/v\u00f5i p\u00e4evane tarvitamine. Kui Full Spectrum-i hommikune ja p\u00e4evane kasutamine tekitab teil ebamugavat unisust v\u00f5i pearinglust p\u00e4evaste tegevuste juures, siis minge \u00fcle valgele pudelile, Kristall CBD-\u00f5lile, kuid j\u00e4tkake Full Spectrum-ii v\u00f5tmist \u00f5htul. Kui on peavalud v\u00f5i tugevam unetus, tarvitada kanepiteed koos Full Spectrum \u00f5liga. V\u00f5tke CBD tilku, jooge CBD teed, puhake ning olge terve!<\/p>\t\t\t\t\t\t\t\t<\/div>\n\t\t\t\t<\/div>\n\t\t\t\t\t<\/div>\n\t\t<\/div>\n\t\t\t\t\t<\/div>\n\t\t<\/section>\n\t\t\t\t<section class=\"elementor-section elementor-top-section elementor-element elementor-element-7d8578cd elementor-section-boxed elementor-section-height-default elementor-section-height-default\" data-id=\"7d8578cd\" data-element_type=\"section\" data-e-type=\"section\">\n\t\t\t\t\t\t<div class=\"elementor-container elementor-column-gap-default\">\n\t\t\t\t\t<div class=\"elementor-column elementor-col-100 elementor-top-column elementor-element elementor-element-44702333\" data-id=\"44702333\" data-element_type=\"column\" data-e-type=\"column\">\n\t\t\t<div class=\"elementor-widget-wrap elementor-element-populated\">\n\t\t\t\t\t\t<div class=\"elementor-element elementor-element-3a28b4b9 elementor-widget elementor-widget-text-editor\" data-id=\"3a28b4b9\" data-element_type=\"widget\" data-e-type=\"widget\" data-widget_type=\"text-editor.default\">\n\t\t\t\t<div class=\"elementor-widget-container\">\n\t\t\t\t\t\t\t\t\t<h1>?<\/h1><p><strong>Ei leidnud vastust?<\/strong><\/p><p>Palume meiega julgelt \u00fchendust v\u00f5tta <strong><a href=\"mailto:info@zennative.ee\">info@zennative.ee<\/a><\/strong> v\u00f5i <strong><a href=\"tel:0037255524424\">55524424<\/a><\/strong><\/p>\t\t\t\t\t\t\t\t<\/div>\n\t\t\t\t<\/div>\n\t\t\t\t\t<\/div>\n\t\t<\/div>\n\t\t\t\t\t<\/div>\n\t\t<\/section>\n\t\t\t\t<\/div>\n\t\t","protected":false},"excerpt":{"rendered":"<p>Korduvad k\u00fcsimused Sisukord 1) Mis vahe on mustal ja valgel pudelil? Millise peaksin ma valima? Enamus inimesi on saanud abi mustast. See on looduslikum. See on m\u00f5juvam. Sellep\u00e4rast me olemegi tuntud. Selles on k\u00f5ik, mida kanepitaim suudab pakkuda. Kuna Full Spectrum \u00f5li sisaldab ka teisi kannabinoide peale CBD nagu THC, CBC, CBN ja CBG, sellest&hellip;<\/p>\n","protected":false},"author":12,"featured_media":0,"parent":0,"menu_order":0,"comment_status":"closed","ping_status":"closed","template":"","meta":{"footnotes":""},"class_list":["post-48065","page","type-page","status-publish","hentry"],"_links":{"self":[{"href":"https:\/\/zennative.fi\/et\/wp-json\/wp\/v2\/pages\/48065","targetHints":{"allow":["GET"]}}],"collection":[{"href":"https:\/\/zennative.fi\/et\/wp-json\/wp\/v2\/pages"}],"about":[{"href":"https:\/\/zennative.fi\/et\/wp-json\/wp\/v2\/types\/page"}],"author":[{"embeddable":true,"href":"https:\/\/zennative.fi\/et\/wp-json\/wp\/v2\/users\/12"}],"replies":[{"embeddable":true,"href":"https:\/\/zennative.fi\/et\/wp-json\/wp\/v2\/comments?post=48065"}],"version-history":[{"count":5,"href":"https:\/\/zennative.fi\/et\/wp-json\/wp\/v2\/pages\/48065\/revisions"}],"predecessor-version":[{"id":80328,"href":"https:\/\/zennative.fi\/et\/wp-json\/wp\/v2\/pages\/48065\/revisions\/80328"}],"wp:attachment":[{"href":"https:\/\/zennative.fi\/et\/wp-json\/wp\/v2\/media?parent=48065"}],"curies":[{"name":"wp","href":"https:\/\/api.w.org\/{rel}","templated":true}]}}