{"id":30549,"date":"2021-01-15T11:06:38","date_gmt":"2021-01-15T09:06:38","guid":{"rendered":"https:\/\/the7.io\/elementor-shop\/?post_type=product&#038;p=30549"},"modified":"2022-12-14T19:16:37","modified_gmt":"2022-12-14T17:16:37","slug":"cbd-oli","status":"publish","type":"product","link":"https:\/\/zennative.fi\/et\/toode\/cbd-oli\/","title":{"rendered":"Kristall Seerum CBD \u00f5li &#8211; k\u00f5ige peenem CBD \u00f5li maailmas"},"content":{"rendered":"\t\t<div data-elementor-type=\"product-post\" data-elementor-id=\"30549\" class=\"elementor elementor-30549\" data-elementor-post-type=\"product\">\n\t\t\t\t\t\t<section class=\"elementor-section elementor-top-section elementor-element elementor-element-4c104f4 elementor-section-boxed elementor-section-height-default elementor-section-height-default\" data-id=\"4c104f4\" data-element_type=\"section\" data-e-type=\"section\">\n\t\t\t\t\t\t<div class=\"elementor-container elementor-column-gap-wide\">\n\t\t\t\t\t<div class=\"elementor-column elementor-col-100 elementor-top-column elementor-element elementor-element-93cefb6\" data-id=\"93cefb6\" data-element_type=\"column\" data-e-type=\"column\">\n\t\t\t<div class=\"elementor-widget-wrap elementor-element-populated\">\n\t\t\t\t\t\t<div class=\"elementor-element elementor-element-7219117 elementor-widget elementor-widget-text-editor\" data-id=\"7219117\" data-element_type=\"widget\" data-e-type=\"widget\" data-widget_type=\"text-editor.default\">\n\t\t\t\t<div class=\"elementor-widget-container\">\n\t\t\t\t\t\t\t\t\t<p><strong>See on esmaklassiline CBD \u00f5li, mis sisaldab puhast CBD kristalli.<\/strong> Zen Native&#8217;i 5%, 15% ja 30% konsentratsiooniga CBD \u00f5li on l\u00f5hnatu, maitsetu ja keha poolt h\u00e4sti omastatav, sest see on lahustatud kookosest p\u00e4rit k\u00f5ige peenemas MCT \u00f5lis, imelises kapr\u00fc\u00fclhappes (C8).<\/p><p>10ml, taast\u00f6\u00f6deldud klaasist valguskindel pipetiga pudel. Pudelis kokku v\u00e4hemalt 200 tilka.<\/p><p><strong>Loe lisaks:<\/strong> <a href=\"https:\/\/zennative.fi\/et\/mis-on-cbd\/\" target=\"_blank\" rel=\"noopener\">Kogu info CBD-st?<\/a><\/p>\t\t\t\t\t\t\t\t<\/div>\n\t\t\t\t<\/div>\n\t\t\t\t<div class=\"elementor-element elementor-element-468905d elementor-widget elementor-widget-the7-accordion\" data-id=\"468905d\" data-element_type=\"widget\" data-e-type=\"widget\" data-widget_type=\"the7-accordion.default\">\n\t\t\t\t<div class=\"elementor-widget-container\">\n\t\t\t\t\t\t\t<div class=\"elementor-accordion the7-adv-accordion ac_bb_title ac_bb_active_title ac_top_bottom_borders ac_left_right_borders\" data-accordion-type=\"toggle\" role=\"tablist\">\r\n\t\t\t\t\t\t\t<div class=\"elementor-accordion-item\">\r\n\t\t\t\t\t<h3 id=\"elementor-tab-title-7391\" class=\"elementor-tab-title the7-accordion-header deactive-default\" data-tab=\"1\" role=\"tab\" aria-controls=\"elementor-tab-content-7391\">\r\n\r\n\t\t\t\t\t\t\t\t\t\t\t\t\t<span class=\"elementor-accordion-icon elementor-accordion-icon-left\" aria-hidden=\"true\">\r\n\t\t\t\t\t\t\t\t\t\t\t\t\t\t\t<span class=\"elementor-accordion-icon-closed\"><i class=\"fas fa-chevron-down\"><\/i><\/span>\r\n\t\t\t\t\t\t\t\t\t\t\t\t\t\t\t\t\t<span class=\"elementor-accordion-icon-opened\"><i class=\"fas fa-chevron-up\"><\/i><\/span>\r\n\t\t\t\t\t\t\t\t\t\t\t\t\t\t\t\t\t\t\t\t\t\t<\/span>\r\n\t\t\t\t\t\t\t\t\t\t\t\t\t\t\t\t\t\t<a class=\"elementor-accordion-title\" href=\"\">Idee<\/a>\r\n\t\t\t\t\t<\/h3>\r\n\t\t\t\t\t<div id=\"elementor-tab-content-7391\" class=\"elementor-tab-content elementor-clearfix deactive-default\" data-tab=\"1\" role=\"tabpanel\" aria-labelledby=\"elementor-tab-title-7391\"><p>Aastal 2019 tekkis meil Zen Native&#8217;s idee luua CBD \u00f5li oma k\u00f5ige puhtamas vormis. Kuna kannabinoidid on rasv-lagunevad oli selleks vaja leida k\u00f5ige peenem looduslik rasva molekul. Selle leidsime me kookosest. T\u00e4na saamegi uhkusega pakkuda CBD \u00f5li, mis on peen nagu vesi.<\/p><p><strong><br \/><em>Sisaldab:<\/em><\/strong> CBD, C8<\/p><p>\u00a0<\/p><\/div>\r\n\t\t\t\t<\/div>\r\n\t\t\t\t\t\t\t<div class=\"elementor-accordion-item\">\r\n\t\t\t\t\t<h3 id=\"elementor-tab-title-7392\" class=\"elementor-tab-title the7-accordion-header\" data-tab=\"2\" role=\"tab\" aria-controls=\"elementor-tab-content-7392\">\r\n\r\n\t\t\t\t\t\t\t\t\t\t\t\t\t<span class=\"elementor-accordion-icon elementor-accordion-icon-left\" aria-hidden=\"true\">\r\n\t\t\t\t\t\t\t\t\t\t\t\t\t\t\t<span class=\"elementor-accordion-icon-closed\"><i class=\"fas fa-chevron-down\"><\/i><\/span>\r\n\t\t\t\t\t\t\t\t\t\t\t\t\t\t\t\t\t<span class=\"elementor-accordion-icon-opened\"><i class=\"fas fa-chevron-up\"><\/i><\/span>\r\n\t\t\t\t\t\t\t\t\t\t\t\t\t\t\t\t\t\t\t\t\t\t<\/span>\r\n\t\t\t\t\t\t\t\t\t\t\t\t\t\t\t\t\t\t<a class=\"elementor-accordion-title\" href=\"\">Kasutamine Seespidiselt<\/a>\r\n\t\t\t\t\t<\/h3>\r\n\t\t\t\t\t<div id=\"elementor-tab-content-7392\" class=\"elementor-tab-content elementor-clearfix\" data-tab=\"2\" role=\"tabpanel\" aria-labelledby=\"elementor-tab-title-7392\"><p>Selles \u00f5lis saad k\u00f5ik CBD kasulikud omadused, sealhulgas:<\/p><ul><li style=\"list-style-type: none;\"><ul><li>Rahustab n\u00e4rvis\u00fcsteemi, lihaspingeid ja \u00e4revust<\/li><li>Aitab uinuda ja magamas p\u00fcsida<\/li><li>Alandab stressihormooni ja p\u00f5letike taset<\/li><\/ul><\/li><\/ul><p>Doseerimine\u00a075kg inimesele<\/p><ul><li><strong>5%-st =<\/strong>\u00a030 tilka keele alla;<\/li><li><strong>15%-st<\/strong>\u00a0= 10 tilka keele alla;<\/li><li><strong>30%-st<\/strong> 5 tilka keele alla<br \/><br \/><\/li><\/ul><p><strong>Loe lisaks:<\/strong> <a href=\"https:\/\/zennative.fi\/mis-on-cbd\/\">Kogu info CBD-st<\/a><\/p><p>\u00a0<\/p><\/div>\r\n\t\t\t\t<\/div>\r\n\t\t\t\t\t\t\t<div class=\"elementor-accordion-item\">\r\n\t\t\t\t\t<h3 id=\"elementor-tab-title-7393\" class=\"elementor-tab-title the7-accordion-header\" data-tab=\"3\" role=\"tab\" aria-controls=\"elementor-tab-content-7393\">\r\n\r\n\t\t\t\t\t\t\t\t\t\t\t\t\t<span class=\"elementor-accordion-icon elementor-accordion-icon-left\" aria-hidden=\"true\">\r\n\t\t\t\t\t\t\t\t\t\t\t\t\t\t\t<span class=\"elementor-accordion-icon-closed\"><i class=\"fas fa-chevron-down\"><\/i><\/span>\r\n\t\t\t\t\t\t\t\t\t\t\t\t\t\t\t\t\t<span class=\"elementor-accordion-icon-opened\"><i class=\"fas fa-chevron-up\"><\/i><\/span>\r\n\t\t\t\t\t\t\t\t\t\t\t\t\t\t\t\t\t\t\t\t\t\t<\/span>\r\n\t\t\t\t\t\t\t\t\t\t\t\t\t\t\t\t\t\t<a class=\"elementor-accordion-title\" href=\"\">Kasutamine V\u00e4lispidiselt<\/a>\r\n\t\t\t\t\t<\/h3>\r\n\t\t\t\t\t<div id=\"elementor-tab-content-7393\" class=\"elementor-tab-content elementor-clearfix\" data-tab=\"3\" role=\"tabpanel\" aria-labelledby=\"elementor-tab-title-7393\"><p>\u00d5rnalt patsutades masseerida 1-3 tilka peopesa suurusele puhtale nahale. V\u00e4ltida silma sattumist.<\/p>\n<ul>\n<li style=\"list-style-type: none;\">\n<ul>\n<li>\n<p>Rahustab kiiresti p\u00f5letikulist nahka<\/p>\n<\/li>\n<li>\n<p>Niisutab s\u00fcgavuti ja&nbsp;tasakaalustab ka rasust nahka<\/p>\n<\/li>\n<li>\n<p>T\u00f5stab loomulikku kollageeni tootlikust<\/p>\n<\/li>\n<li>\n<p>Rahustab valutavaid lihaseid ja liigeseid<\/p>\n<\/li>\n<\/ul>\n<\/li>\n<\/ul>\n<p><strong>5%<\/strong> = Prof\u00fclaktikaks ja \u00fcldiselt terve naha eest hoolitsemiseks<\/p>\n<p><strong>15%<\/strong> = Probleemsele, p\u00f5letikulisele v\u00f5i aknele kalduva naha eesti hoolitsemiseks<\/p>\n<p><strong>30%<\/strong> = Nahahaiguste leevendamiseks ja raviks<\/p>\n<p><strong>Loe lisaks:<\/strong> <a href=\"https:\/\/lt.zennative.ee\/mis-on-cbd\/\" target=\"_blank\" rel=\"noopener\">Kogu info CBD-st?<\/a><\/p><\/div>\r\n\t\t\t\t<\/div>\r\n\t\t\t\t\t\t\t<div class=\"elementor-accordion-item\">\r\n\t\t\t\t\t<h3 id=\"elementor-tab-title-7394\" class=\"elementor-tab-title the7-accordion-header\" data-tab=\"4\" role=\"tab\" aria-controls=\"elementor-tab-content-7394\">\r\n\r\n\t\t\t\t\t\t\t\t\t\t\t\t\t<span class=\"elementor-accordion-icon elementor-accordion-icon-left\" aria-hidden=\"true\">\r\n\t\t\t\t\t\t\t\t\t\t\t\t\t\t\t<span class=\"elementor-accordion-icon-closed\"><i class=\"fas fa-chevron-down\"><\/i><\/span>\r\n\t\t\t\t\t\t\t\t\t\t\t\t\t\t\t\t\t<span class=\"elementor-accordion-icon-opened\"><i class=\"fas fa-chevron-up\"><\/i><\/span>\r\n\t\t\t\t\t\t\t\t\t\t\t\t\t\t\t\t\t\t\t\t\t\t<\/span>\r\n\t\t\t\t\t\t\t\t\t\t\t\t\t\t\t\t\t\t<a class=\"elementor-accordion-title\" href=\"\">Lisav\u00e4\u00e4rtused<\/a>\r\n\t\t\t\t\t<\/h3>\r\n\t\t\t\t\t<div id=\"elementor-tab-content-7394\" class=\"elementor-tab-content elementor-clearfix\" data-tab=\"4\" role=\"tabpanel\" aria-labelledby=\"elementor-tab-title-7394\"><ul><li>Maailma Antidopingu Agentuuri poolt lubatud<\/li><li>100% loodusliku p\u00e4ritolu<\/li><li>Taast\u00f6\u00f6deldud klaasis valgust t\u00f5rjuv pudel<\/li><li>Palmi\u00f5li vaba,\u00a0GMO vaba ja Vegan<\/li><li>Toodetud Eestis<\/li><\/ul><\/div>\r\n\t\t\t\t<\/div>\r\n\t\t\t\t\t\t\t<div class=\"elementor-accordion-item\">\r\n\t\t\t\t\t<h3 id=\"elementor-tab-title-7395\" class=\"elementor-tab-title the7-accordion-header\" data-tab=\"5\" role=\"tab\" aria-controls=\"elementor-tab-content-7395\">\r\n\r\n\t\t\t\t\t\t\t\t\t\t\t\t\t<span class=\"elementor-accordion-icon elementor-accordion-icon-left\" aria-hidden=\"true\">\r\n\t\t\t\t\t\t\t\t\t\t\t\t\t\t\t<span class=\"elementor-accordion-icon-closed\"><i class=\"fas fa-chevron-down\"><\/i><\/span>\r\n\t\t\t\t\t\t\t\t\t\t\t\t\t\t\t\t\t<span class=\"elementor-accordion-icon-opened\"><i class=\"fas fa-chevron-up\"><\/i><\/span>\r\n\t\t\t\t\t\t\t\t\t\t\t\t\t\t\t\t\t\t\t\t\t\t<\/span>\r\n\t\t\t\t\t\t\t\t\t\t\t\t\t\t\t\t\t\t<a class=\"elementor-accordion-title\" href=\"\">Valmistamine<\/a>\r\n\t\t\t\t\t<\/h3>\r\n\t\t\t\t\t<div id=\"elementor-tab-content-7395\" class=\"elementor-tab-content elementor-clearfix\" data-tab=\"5\" role=\"tabpanel\" aria-labelledby=\"elementor-tab-title-7395\"><p>\u00a0<\/p><p>Kanepiekstraktist eraldatakse kristalliseerimise meetodil CBD molekul. Seej\u00e4rel lahustatakse see kookosest eraldatud C8 molekulis.<\/p><p>\u00a0<\/p><\/div>\r\n\t\t\t\t<\/div>\r\n\t\t\t\t\t\t\t<div class=\"elementor-accordion-item\">\r\n\t\t\t\t\t<h3 id=\"elementor-tab-title-7396\" class=\"elementor-tab-title the7-accordion-header\" data-tab=\"6\" role=\"tab\" aria-controls=\"elementor-tab-content-7396\">\r\n\r\n\t\t\t\t\t\t\t\t\t\t\t\t\t<span class=\"elementor-accordion-icon elementor-accordion-icon-left\" aria-hidden=\"true\">\r\n\t\t\t\t\t\t\t\t\t\t\t\t\t\t\t<span class=\"elementor-accordion-icon-closed\"><i class=\"fas fa-chevron-down\"><\/i><\/span>\r\n\t\t\t\t\t\t\t\t\t\t\t\t\t\t\t\t\t<span class=\"elementor-accordion-icon-opened\"><i class=\"fas fa-chevron-up\"><\/i><\/span>\r\n\t\t\t\t\t\t\t\t\t\t\t\t\t\t\t\t\t\t\t\t\t\t<\/span>\r\n\t\t\t\t\t\t\t\t\t\t\t\t\t\t\t\t\t\t<a class=\"elementor-accordion-title\" href=\"\">S\u00e4ilitamine<\/a>\r\n\t\t\t\t\t<\/h3>\r\n\t\t\t\t\t<div id=\"elementor-tab-content-7396\" class=\"elementor-tab-content elementor-clearfix\" data-tab=\"6\" role=\"tabpanel\" aria-labelledby=\"elementor-tab-title-7396\"><p>\u00a0<\/p><ul><li>Hoida pimedas ja toatemperatuuril<\/li><li>V\u00e4ltida pipetiga suu v\u00f5i naha puudutamist.\u00a0<\/li><\/ul><p>\u00a0<\/p><\/div>\r\n\t\t\t\t<\/div>\r\n\t\t\t\t\t<\/div>\r\n\t\t\t\t\t\t<\/div>\n\t\t\t\t<\/div>\n\t\t\t\t<div class=\"elementor-element elementor-element-edab50f elementor-hidden-desktop elementor-hidden-tablet elementor-hidden-mobile elementor-widget elementor-widget-image\" data-id=\"edab50f\" data-element_type=\"widget\" data-e-type=\"widget\" data-widget_type=\"image.default\">\n\t\t\t\t<div class=\"elementor-widget-container\">\n\t\t\t\t\t\t\t\t\t\t\t\t\t\t\t<img fetchpriority=\"high\" decoding=\"async\" width=\"600\" height=\"800\" src=\"https:\/\/zennative.fi\/wp-content\/uploads\/2021\/01\/Zen-Native-Crystal-Serum-CBD-Oil-05.png\" class=\"attachment-large size-large wp-image-39910\" alt=\"cbd \u00f5li\" srcset=\"https:\/\/zennative.fi\/wp-content\/uploads\/2021\/01\/Zen-Native-Crystal-Serum-CBD-Oil-05.png 600w, https:\/\/zennative.fi\/wp-content\/uploads\/2021\/01\/Zen-Native-Crystal-Serum-CBD-Oil-05-225x300.png 225w\" sizes=\"(max-width: 600px) 100vw, 600px\" \/>\t\t\t\t\t\t\t\t\t\t\t\t\t\t\t<\/div>\n\t\t\t\t<\/div>\n\t\t\t\t\t<\/div>\n\t\t<\/div>\n\t\t\t\t\t<\/div>\n\t\t<\/section>\n\t\t\t\t<\/div>\n\t\t","protected":false},"excerpt":{"rendered":"<p>See on CBD tarvitamise puhtaim vorm<\/p>\n","protected":false},"featured_media":39907,"comment_status":"closed","ping_status":"closed","template":"","meta":[],"product_brand":[],"product_cat":[152],"product_tag":[230,227,231],"class_list":{"0":"post-30549","1":"product","2":"type-product","3":"status-publish","4":"has-post-thumbnail","6":"product_cat-cbd-olid","7":"product_tag-c8","8":"product_tag-cbd","9":"product_tag-wada","11":"first","12":"instock","13":"shipping-taxable","14":"purchasable","15":"product-type-variable"},"_links":{"self":[{"href":"https:\/\/zennative.fi\/et\/wp-json\/wp\/v2\/product\/30549","targetHints":{"allow":["GET"]}}],"collection":[{"href":"https:\/\/zennative.fi\/et\/wp-json\/wp\/v2\/product"}],"about":[{"href":"https:\/\/zennative.fi\/et\/wp-json\/wp\/v2\/types\/product"}],"replies":[{"embeddable":true,"href":"https:\/\/zennative.fi\/et\/wp-json\/wp\/v2\/comments?post=30549"}],"version-history":[{"count":10,"href":"https:\/\/zennative.fi\/et\/wp-json\/wp\/v2\/product\/30549\/revisions"}],"predecessor-version":[{"id":45588,"href":"https:\/\/zennative.fi\/et\/wp-json\/wp\/v2\/product\/30549\/revisions\/45588"}],"wp:featuredmedia":[{"embeddable":true,"href":"https:\/\/zennative.fi\/et\/wp-json\/wp\/v2\/media\/39907"}],"wp:attachment":[{"href":"https:\/\/zennative.fi\/et\/wp-json\/wp\/v2\/media?parent=30549"}],"wp:term":[{"taxonomy":"product_brand","embeddable":true,"href":"https:\/\/zennative.fi\/et\/wp-json\/wp\/v2\/product_brand?post=30549"},{"taxonomy":"product_cat","embeddable":true,"href":"https:\/\/zennative.fi\/et\/wp-json\/wp\/v2\/product_cat?post=30549"},{"taxonomy":"product_tag","embeddable":true,"href":"https:\/\/zennative.fi\/et\/wp-json\/wp\/v2\/product_tag?post=30549"}],"curies":[{"name":"wp","href":"https:\/\/api.w.org\/{rel}","templated":true}]}}