{"id":39969,"date":"2021-12-07T18:29:44","date_gmt":"2021-12-07T16:29:44","guid":{"rendered":"https:\/\/lt.zennative.ee\/?post_type=product&#038;p=39969"},"modified":"2025-05-22T21:29:43","modified_gmt":"2025-05-22T19:29:43","slug":"supertoonik-cbd-ja-c-vitamiiniga","status":"publish","type":"product","link":"https:\/\/zennative.fi\/et\/toode\/supertoonik-cbd-ja-c-vitamiiniga\/","title":{"rendered":"CBD n\u00e4otoonik 3XC 1% CBD + C-vitamin"},"content":{"rendered":"\t\t<div data-elementor-type=\"product-post\" data-elementor-id=\"39969\" class=\"elementor elementor-39969\" data-elementor-post-type=\"product\">\n\t\t\t\t\t\t<section class=\"elementor-section elementor-top-section elementor-element elementor-element-4c104f4 elementor-section-boxed elementor-section-height-default elementor-section-height-default\" data-id=\"4c104f4\" data-element_type=\"section\" data-e-type=\"section\">\n\t\t\t\t\t\t<div class=\"elementor-container elementor-column-gap-wide\">\n\t\t\t\t\t<div class=\"elementor-column elementor-col-100 elementor-top-column elementor-element elementor-element-93cefb6\" data-id=\"93cefb6\" data-element_type=\"column\" data-e-type=\"column\">\n\t\t\t<div class=\"elementor-widget-wrap elementor-element-populated\">\n\t\t\t\t\t\t<div class=\"elementor-element elementor-element-2f08d37 elementor-widget elementor-widget-the7-accordion\" data-id=\"2f08d37\" data-element_type=\"widget\" data-e-type=\"widget\" data-widget_type=\"the7-accordion.default\">\n\t\t\t\t<div class=\"elementor-widget-container\">\n\t\t\t\t\t\t\t<div class=\"elementor-accordion the7-adv-accordion ac_bb_title ac_bb_active_title ac_top_bottom_borders ac_left_right_borders\" data-accordion-type=\"toggle\" role=\"tablist\">\r\n\t\t\t\t\t\t\t<div class=\"elementor-accordion-item\">\r\n\t\t\t\t\t<h3 id=\"elementor-tab-title-4931\" class=\"elementor-tab-title the7-accordion-header deactive-default\" data-tab=\"1\" role=\"tab\" aria-controls=\"elementor-tab-content-4931\">\r\n\r\n\t\t\t\t\t\t\t\t\t\t\t\t\t<span class=\"elementor-accordion-icon elementor-accordion-icon-left\" aria-hidden=\"true\">\r\n\t\t\t\t\t\t\t\t\t\t\t\t\t\t\t<span class=\"elementor-accordion-icon-closed\"><i class=\"fas fa-chevron-down\"><\/i><\/span>\r\n\t\t\t\t\t\t\t\t\t\t\t\t\t\t\t\t\t<span class=\"elementor-accordion-icon-opened\"><i class=\"fas fa-chevron-up\"><\/i><\/span>\r\n\t\t\t\t\t\t\t\t\t\t\t\t\t\t\t\t\t\t\t\t\t\t<\/span>\r\n\t\t\t\t\t\t\t\t\t\t\t\t\t\t\t\t\t\t<a class=\"elementor-accordion-title\" href=\"\">Idee<\/a>\r\n\t\t\t\t\t<\/h3>\r\n\t\t\t\t\t<div id=\"elementor-tab-content-4931\" class=\"elementor-tab-content elementor-clearfix deactive-default\" data-tab=\"1\" role=\"tabpanel\" aria-labelledby=\"elementor-tab-title-4931\"><p><strong>3 korda C, aga mitte ainult.\u00a0<\/strong>Tahtsime teha igap\u00e4evase CBD kosmeetika toote, mis sisaldaks nii vesi kui ka rasvlahustuvaid super-antioks\u00fcdante, vitamiine ja eeterlike \u00f5lisid. T\u00e4ielik <em>unisex<\/em> ilu eliksiir.<\/p><p>See unikaalne toonik kaitseb nahka vananemise eest ning v\u00f5itleb vabade radikaalidega. Igap\u00e4evane kasutamine noorendab nahka n\u00e4htavalt ja kiirendab selle paranemise protsesse.<\/p><p>On t\u00f5estatud, et vitamiinid imenduvad naha kaudu lausa 10 x paremini!<\/p><\/div>\r\n\t\t\t\t<\/div>\r\n\t\t\t\t\t\t\t<div class=\"elementor-accordion-item\">\r\n\t\t\t\t\t<h3 id=\"elementor-tab-title-4932\" class=\"elementor-tab-title the7-accordion-header\" data-tab=\"2\" role=\"tab\" aria-controls=\"elementor-tab-content-4932\">\r\n\r\n\t\t\t\t\t\t\t\t\t\t\t\t\t<span class=\"elementor-accordion-icon elementor-accordion-icon-left\" aria-hidden=\"true\">\r\n\t\t\t\t\t\t\t\t\t\t\t\t\t\t\t<span class=\"elementor-accordion-icon-closed\"><i class=\"fas fa-chevron-down\"><\/i><\/span>\r\n\t\t\t\t\t\t\t\t\t\t\t\t\t\t\t\t\t<span class=\"elementor-accordion-icon-opened\"><i class=\"fas fa-chevron-up\"><\/i><\/span>\r\n\t\t\t\t\t\t\t\t\t\t\t\t\t\t\t\t\t\t\t\t\t\t<\/span>\r\n\t\t\t\t\t\t\t\t\t\t\t\t\t\t\t\t\t\t<a class=\"elementor-accordion-title\" href=\"\">Kasutamine V\u00e4lispidiselt<\/a>\r\n\t\t\t\t\t<\/h3>\r\n\t\t\t\t\t<div id=\"elementor-tab-content-4932\" class=\"elementor-tab-content elementor-clearfix\" data-tab=\"2\" role=\"tabpanel\" aria-labelledby=\"elementor-tab-title-4932\"><p><strong>Patsuta m\u00f5ned tilgad toonikut n\u00e4ole v\u00f5i mujale puhtale nahale, hommikul ja \u00f5htul. <\/strong>Sobib ideaalselt kasutamiseks esimeseks kihiks, enne CBD Seerumit.<\/p><ul><li style=\"list-style-type: none;\"><ul><li><p>Toidab nahka s\u00fcgavuti<\/p><\/li><li><p>Niisutab ja pinguldab nahka<\/p><\/li><li><p>T\u00f5stab loomulikku kollageeni tootlikust<\/p><\/li><li><p>Ideaalne aknelisele nahale<\/p><\/li><\/ul><\/li><\/ul><p>Loe lisaks CBD kosmeetikast siit: <a href=\"https:\/\/zennative.fi\/et\/mis-on-cbd\/\">Kogu info CBD-st<\/a><\/p><\/div>\r\n\t\t\t\t<\/div>\r\n\t\t\t\t\t\t\t<div class=\"elementor-accordion-item\">\r\n\t\t\t\t\t<h3 id=\"elementor-tab-title-4933\" class=\"elementor-tab-title the7-accordion-header\" data-tab=\"3\" role=\"tab\" aria-controls=\"elementor-tab-content-4933\">\r\n\r\n\t\t\t\t\t\t\t\t\t\t\t\t\t<span class=\"elementor-accordion-icon elementor-accordion-icon-left\" aria-hidden=\"true\">\r\n\t\t\t\t\t\t\t\t\t\t\t\t\t\t\t<span class=\"elementor-accordion-icon-closed\"><i class=\"fas fa-chevron-down\"><\/i><\/span>\r\n\t\t\t\t\t\t\t\t\t\t\t\t\t\t\t\t\t<span class=\"elementor-accordion-icon-opened\"><i class=\"fas fa-chevron-up\"><\/i><\/span>\r\n\t\t\t\t\t\t\t\t\t\t\t\t\t\t\t\t\t\t\t\t\t\t<\/span>\r\n\t\t\t\t\t\t\t\t\t\t\t\t\t\t\t\t\t\t<a class=\"elementor-accordion-title\" href=\"\">Koostis<\/a>\r\n\t\t\t\t\t<\/h3>\r\n\t\t\t\t\t<div id=\"elementor-tab-content-4933\" class=\"elementor-tab-content elementor-clearfix\" data-tab=\"3\" role=\"tabpanel\" aria-labelledby=\"elementor-tab-title-4933\"><p>Vesi, C8, CBD, C-vitamiin, E-vitamiin, B12, Roheline tee, Aloe vera, Hobukastan, Gotu Kola, Ulva compressa, Sidrunhein.<\/p><p><strong>CBD <\/strong><\/p><p>Kanepist p\u00e4rit kristalliseeritud aktiivmolekul t\u00f5stab naha loomulikku kollaageeni tootlikkust, v\u00e4hendab kiiresti p\u00f5letikku ja punetust, normaliseerib rasu tootlikkust ja hormonaalset tasakaalu, parandades aknele kalduvat nahka.<\/p><p><strong>C-vitamiin<\/strong><\/p><p>Stabiliseeritud kujul stimuleerib naha vereringlust, v\u00e4hendab l\u00f5hkenud kapillaare, reguleerib pigmentatsiooni ja \u00fchtlustab nahatooni.<\/p><p><strong>C8<\/strong><\/p><p>Kookosest p\u00e4rit imepisike rasvhappe molekul, niisutab ja puhastab nahka s\u00fcgavuti. Normaliseerib p\u00e4rmseene taset ja omab seentevastast toimet.<\/p><p><strong>Roheline tee <\/strong><\/p><p>Ekstrakt energiseerib nahka ja puhastab raskemetallidest. Sisaldab tanniine, pol\u00fcfenoole, kofeiini ja fluoriidi.<\/p><p><strong>Aloe Vera<\/strong><\/p><p>Niisutav mahl, p\u00f5letikuvastane ja taastav. Sisaldab B12, asendamatuid aminohappeid ja vajalike kiudaineid.<\/p><p><strong>Hobukastan<\/strong><\/p><p>Ekstrakt v\u00e4hendab paistetust ja turset ning avaldab nahka pinguldavat toimet.<\/p><p><strong>Gotu Kola<\/strong><\/p><p>Ekstrakt stimuleerib sidekoerakkude t\u00f6\u00f6d ning m\u00f5jub nahale pinguldavalt. Sisaldab saponiine \u2013 taimseid f\u00fctokemikaale, kiirendab kollageeni tootlikkust ja haavade paranemist.<\/p><p><strong>Ulva Compressa <\/strong><\/p><p>Toitainerikas vetika ekstrakt t\u00f5stab naha elastsust ja v\u00e4hendab kihelust ning s\u00fcgelust.<\/p><p><strong>Sidrunhein<\/strong><\/p><p>K\u00fclpress lehe \u00f5li pakub lisaks imelisele energiseerivale l\u00f5hnale ka nahka puhastavaid ja trimmivaid funktsioone.<\/p><p><strong>E-vitamiin <\/strong><\/p><p>Nahka niisutav ja toitev antioks\u00fcdant, mis t\u00f5stab koe elastsust.<\/p><p><em>S\u00e4ilitajad: Gl\u00fctseriin, propaandiool, geellaankummi, fenoks\u00fcetanool, alk\u00fc\u00fclakr\u00fclaadi ristpol\u00fcmeer, et\u00fc\u00fclheks\u00fc\u00fclgl\u00fctseriin, dimetikoon, naatriumlaur\u00fc\u00fclsulfaat, naatriumh\u00fcdroksiid, et\u00fcleendiamiintetra\u00e4\u00e4dikhape.<\/em><\/p><\/div>\r\n\t\t\t\t<\/div>\r\n\t\t\t\t\t\t\t<div class=\"elementor-accordion-item\">\r\n\t\t\t\t\t<h3 id=\"elementor-tab-title-4934\" class=\"elementor-tab-title the7-accordion-header\" data-tab=\"4\" role=\"tab\" aria-controls=\"elementor-tab-content-4934\">\r\n\r\n\t\t\t\t\t\t\t\t\t\t\t\t\t<span class=\"elementor-accordion-icon elementor-accordion-icon-left\" aria-hidden=\"true\">\r\n\t\t\t\t\t\t\t\t\t\t\t\t\t\t\t<span class=\"elementor-accordion-icon-closed\"><i class=\"fas fa-chevron-down\"><\/i><\/span>\r\n\t\t\t\t\t\t\t\t\t\t\t\t\t\t\t\t\t<span class=\"elementor-accordion-icon-opened\"><i class=\"fas fa-chevron-up\"><\/i><\/span>\r\n\t\t\t\t\t\t\t\t\t\t\t\t\t\t\t\t\t\t\t\t\t\t<\/span>\r\n\t\t\t\t\t\t\t\t\t\t\t\t\t\t\t\t\t\t<a class=\"elementor-accordion-title\" href=\"\">Valmistamine<\/a>\r\n\t\t\t\t\t<\/h3>\r\n\t\t\t\t\t<div id=\"elementor-tab-content-4934\" class=\"elementor-tab-content elementor-clearfix\" data-tab=\"4\" role=\"tabpanel\" aria-labelledby=\"elementor-tab-title-4934\"><p>Siia on kokku pandud lausa m\u00fcstiline kogus headust. Kvaliteetseimad kristallid, ekstraktid ja \u00f5lid.<\/p><\/div>\r\n\t\t\t\t<\/div>\r\n\t\t\t\t\t\t\t<div class=\"elementor-accordion-item\">\r\n\t\t\t\t\t<h3 id=\"elementor-tab-title-4935\" class=\"elementor-tab-title the7-accordion-header\" data-tab=\"5\" role=\"tab\" aria-controls=\"elementor-tab-content-4935\">\r\n\r\n\t\t\t\t\t\t\t\t\t\t\t\t\t<span class=\"elementor-accordion-icon elementor-accordion-icon-left\" aria-hidden=\"true\">\r\n\t\t\t\t\t\t\t\t\t\t\t\t\t\t\t<span class=\"elementor-accordion-icon-closed\"><i class=\"fas fa-chevron-down\"><\/i><\/span>\r\n\t\t\t\t\t\t\t\t\t\t\t\t\t\t\t\t\t<span class=\"elementor-accordion-icon-opened\"><i class=\"fas fa-chevron-up\"><\/i><\/span>\r\n\t\t\t\t\t\t\t\t\t\t\t\t\t\t\t\t\t\t\t\t\t\t<\/span>\r\n\t\t\t\t\t\t\t\t\t\t\t\t\t\t\t\t\t\t<a class=\"elementor-accordion-title\" href=\"\">S\u00e4ilitamine<\/a>\r\n\t\t\t\t\t<\/h3>\r\n\t\t\t\t\t<div id=\"elementor-tab-content-4935\" class=\"elementor-tab-content elementor-clearfix\" data-tab=\"5\" role=\"tabpanel\" aria-labelledby=\"elementor-tab-title-4935\"><ul><li>Hoida pimedas ja toatemperatuuril<\/li><li>V\u00e4ltida pipetiga naha puudutamist<\/li><\/ul><\/div>\r\n\t\t\t\t<\/div>\r\n\t\t\t\t\t<\/div>\r\n\t\t\t\t\t\t<\/div>\n\t\t\t\t<\/div>\n\t\t\t\t<div class=\"elementor-element elementor-element-2e64ecd elementor-hidden-desktop elementor-hidden-tablet elementor-hidden-mobile elementor-widget elementor-widget-image\" data-id=\"2e64ecd\" data-element_type=\"widget\" data-e-type=\"widget\" data-widget_type=\"image.default\">\n\t\t\t\t<div class=\"elementor-widget-container\">\n\t\t\t\t\t\t\t\t\t\t\t\t\t\t\t<img fetchpriority=\"high\" decoding=\"async\" width=\"601\" height=\"801\" src=\"https:\/\/zennative.fi\/wp-content\/uploads\/2021\/12\/Artboard-1-copy-82.png\" class=\"attachment-large size-large wp-image-39977\" alt=\"cbd\" srcset=\"https:\/\/zennative.fi\/wp-content\/uploads\/2021\/12\/Artboard-1-copy-82.png 601w, https:\/\/zennative.fi\/wp-content\/uploads\/2021\/12\/Artboard-1-copy-82-225x300.png 225w\" sizes=\"(max-width: 601px) 100vw, 601px\" \/>\t\t\t\t\t\t\t\t\t\t\t\t\t\t\t<\/div>\n\t\t\t\t<\/div>\n\t\t\t\t\t<\/div>\n\t\t<\/div>\n\t\t\t\t\t<\/div>\n\t\t<\/section>\n\t\t\t\t<\/div>\n\t\t","protected":false},"excerpt":{"rendered":"<p>Meie uus kiiretoimeline super-toonik on igap\u00e4evane aluskiht rikkalikult hoolitsetud nahale.<\/p>\n","protected":false},"featured_media":39973,"comment_status":"closed","ping_status":"closed","template":"","meta":[],"product_brand":[],"product_cat":[240],"product_tag":[238,230,227,239],"class_list":{"0":"post-39969","1":"product","2":"type-product","3":"status-publish","4":"has-post-thumbnail","6":"product_cat-cbd-kosmeetika","7":"product_tag-c-vitamiin","8":"product_tag-c8","9":"product_tag-cbd","10":"product_tag-d-vitamiin","12":"first","13":"outofstock","14":"shipping-taxable","15":"purchasable","16":"product-type-simple"},"_links":{"self":[{"href":"https:\/\/zennative.fi\/et\/wp-json\/wp\/v2\/product\/39969","targetHints":{"allow":["GET"]}}],"collection":[{"href":"https:\/\/zennative.fi\/et\/wp-json\/wp\/v2\/product"}],"about":[{"href":"https:\/\/zennative.fi\/et\/wp-json\/wp\/v2\/types\/product"}],"replies":[{"embeddable":true,"href":"https:\/\/zennative.fi\/et\/wp-json\/wp\/v2\/comments?post=39969"}],"version-history":[{"count":10,"href":"https:\/\/zennative.fi\/et\/wp-json\/wp\/v2\/product\/39969\/revisions"}],"predecessor-version":[{"id":45950,"href":"https:\/\/zennative.fi\/et\/wp-json\/wp\/v2\/product\/39969\/revisions\/45950"}],"wp:featuredmedia":[{"embeddable":true,"href":"https:\/\/zennative.fi\/et\/wp-json\/wp\/v2\/media\/39973"}],"wp:attachment":[{"href":"https:\/\/zennative.fi\/et\/wp-json\/wp\/v2\/media?parent=39969"}],"wp:term":[{"taxonomy":"product_brand","embeddable":true,"href":"https:\/\/zennative.fi\/et\/wp-json\/wp\/v2\/product_brand?post=39969"},{"taxonomy":"product_cat","embeddable":true,"href":"https:\/\/zennative.fi\/et\/wp-json\/wp\/v2\/product_cat?post=39969"},{"taxonomy":"product_tag","embeddable":true,"href":"https:\/\/zennative.fi\/et\/wp-json\/wp\/v2\/product_tag?post=39969"}],"curies":[{"name":"wp","href":"https:\/\/api.w.org\/{rel}","templated":true}]}}