{"id":39985,"date":"2021-12-07T19:20:05","date_gmt":"2021-12-07T17:20:05","guid":{"rendered":"https:\/\/lt.zennative.ee\/?post_type=product&#038;p=39985"},"modified":"2025-07-02T12:22:04","modified_gmt":"2025-07-02T10:22:04","slug":"aloe-after-gel-nahka-rahustav-cbd-ja-aloe","status":"publish","type":"product","link":"https:\/\/zennative.fi\/et\/toode\/aloe-after-gel-nahka-rahustav-cbd-ja-aloe\/","title":{"rendered":"Aloe After Gel &#8211; Nahka Rahustav CBD ja Aloe geel"},"content":{"rendered":"\t\t<div data-elementor-type=\"product-post\" data-elementor-id=\"39985\" class=\"elementor elementor-39985\" data-elementor-post-type=\"product\">\n\t\t\t\t\t\t<section class=\"elementor-section elementor-top-section elementor-element elementor-element-4c104f4 elementor-section-boxed elementor-section-height-default elementor-section-height-default\" data-id=\"4c104f4\" data-element_type=\"section\" data-e-type=\"section\">\n\t\t\t\t\t\t<div class=\"elementor-container elementor-column-gap-wide\">\n\t\t\t\t\t<div class=\"elementor-column elementor-col-100 elementor-top-column elementor-element elementor-element-93cefb6\" data-id=\"93cefb6\" data-element_type=\"column\" data-e-type=\"column\">\n\t\t\t<div class=\"elementor-widget-wrap elementor-element-populated\">\n\t\t\t\t\t\t<div class=\"elementor-element elementor-element-2f08d37 elementor-widget elementor-widget-the7-accordion\" data-id=\"2f08d37\" data-element_type=\"widget\" data-e-type=\"widget\" data-widget_type=\"the7-accordion.default\">\n\t\t\t\t<div class=\"elementor-widget-container\">\n\t\t\t\t\t\t\t<div class=\"elementor-accordion the7-adv-accordion ac_bb_title ac_bb_active_title ac_top_bottom_borders ac_left_right_borders animate-on-loading\" data-accordion-type=\"accordion\" role=\"tablist\">\r\n\t\t\t\t\t\t\t<div class=\"elementor-accordion-item\">\r\n\t\t\t\t\t<h4 id=\"elementor-tab-title-4931\" class=\"elementor-tab-title the7-accordion-header active-default\" data-tab=\"1\" role=\"tab\" aria-controls=\"elementor-tab-content-4931\">\r\n\r\n\t\t\t\t\t\t\t\t\t\t\t\t\t<span class=\"elementor-accordion-icon elementor-accordion-icon-left\" aria-hidden=\"true\">\r\n\t\t\t\t\t\t\t\t\t\t\t\t\t\t\t<span class=\"elementor-accordion-icon-closed\"><i class=\"fas fa-chevron-down\"><\/i><\/span>\r\n\t\t\t\t\t\t\t\t\t\t\t\t\t\t\t\t\t<span class=\"elementor-accordion-icon-opened\"><i class=\"fas fa-chevron-up\"><\/i><\/span>\r\n\t\t\t\t\t\t\t\t\t\t\t\t\t\t\t\t\t\t\t\t\t\t<\/span>\r\n\t\t\t\t\t\t\t\t\t\t\t\t\t\t\t\t\t\t<a class=\"elementor-accordion-title\" href=\"\">Idee<\/a>\r\n\t\t\t\t\t<\/h4>\r\n\t\t\t\t\t<div id=\"elementor-tab-content-4931\" class=\"elementor-tab-content elementor-clearfix active-default\" data-tab=\"1\" role=\"tabpanel\" aria-labelledby=\"elementor-tab-title-4931\"><p><b>Aloe Vera ja <a href=\"https:\/\/zennative.fi\/et\/mis-on-cbd\/\">CBD<\/a> on suurep\u00e4rane \u00fcksteist t\u00e4iendav kooslus.<\/b>Tahtsime luua t\u00f5eliselt pehme ja nahka rahustava \u00a0toote, mida julgelt peale igat \u00e4rritust kasutada.<b><br \/><\/b><\/p><\/div>\r\n\t\t\t\t<\/div>\r\n\t\t\t\t\t\t\t<div class=\"elementor-accordion-item\">\r\n\t\t\t\t\t<h4 id=\"elementor-tab-title-4932\" class=\"elementor-tab-title the7-accordion-header\" data-tab=\"2\" role=\"tab\" aria-controls=\"elementor-tab-content-4932\">\r\n\r\n\t\t\t\t\t\t\t\t\t\t\t\t\t<span class=\"elementor-accordion-icon elementor-accordion-icon-left\" aria-hidden=\"true\">\r\n\t\t\t\t\t\t\t\t\t\t\t\t\t\t\t<span class=\"elementor-accordion-icon-closed\"><i class=\"fas fa-chevron-down\"><\/i><\/span>\r\n\t\t\t\t\t\t\t\t\t\t\t\t\t\t\t\t\t<span class=\"elementor-accordion-icon-opened\"><i class=\"fas fa-chevron-up\"><\/i><\/span>\r\n\t\t\t\t\t\t\t\t\t\t\t\t\t\t\t\t\t\t\t\t\t\t<\/span>\r\n\t\t\t\t\t\t\t\t\t\t\t\t\t\t\t\t\t\t<a class=\"elementor-accordion-title\" href=\"\">Kasutamine V\u00e4lispidiselt<\/a>\r\n\t\t\t\t\t<\/h4>\r\n\t\t\t\t\t<div id=\"elementor-tab-content-4932\" class=\"elementor-tab-content elementor-clearfix\" data-tab=\"2\" role=\"tabpanel\" aria-labelledby=\"elementor-tab-title-4932\"><p><strong>Masseerida nahale vastavalt vajadusele.<\/strong><\/p><ul><li style=\"list-style-type: none;\"><ul><li><p>Rahustab ja jahutab nahka<\/p><\/li><li><p>Niisutab \u00f5rnalt<\/p><\/li><li><p>Ei j\u00e4\u00e4 kleepuma<\/p><\/li><li><p>V\u00e4hendab punetust<\/p><\/li><\/ul><\/li><\/ul><\/div>\r\n\t\t\t\t<\/div>\r\n\t\t\t\t\t\t\t<div class=\"elementor-accordion-item\">\r\n\t\t\t\t\t<h4 id=\"elementor-tab-title-4933\" class=\"elementor-tab-title the7-accordion-header\" data-tab=\"3\" role=\"tab\" aria-controls=\"elementor-tab-content-4933\">\r\n\r\n\t\t\t\t\t\t\t\t\t\t\t\t\t<span class=\"elementor-accordion-icon elementor-accordion-icon-left\" aria-hidden=\"true\">\r\n\t\t\t\t\t\t\t\t\t\t\t\t\t\t\t<span class=\"elementor-accordion-icon-closed\"><i class=\"fas fa-chevron-down\"><\/i><\/span>\r\n\t\t\t\t\t\t\t\t\t\t\t\t\t\t\t\t\t<span class=\"elementor-accordion-icon-opened\"><i class=\"fas fa-chevron-up\"><\/i><\/span>\r\n\t\t\t\t\t\t\t\t\t\t\t\t\t\t\t\t\t\t\t\t\t\t<\/span>\r\n\t\t\t\t\t\t\t\t\t\t\t\t\t\t\t\t\t\t<a class=\"elementor-accordion-title\" href=\"\">Koostis<\/a>\r\n\t\t\t\t\t<\/h4>\r\n\t\t\t\t\t<div id=\"elementor-tab-content-4933\" class=\"elementor-tab-content elementor-clearfix\" data-tab=\"3\" role=\"tabpanel\" aria-labelledby=\"elementor-tab-title-4933\"><p>Vesi, k\u00fclmpressitud Aloe Vera mahl, C8, 1% CBD ja looduslikud l\u00f5hnaained.<br \/><br \/>30 ml<\/p><\/div>\r\n\t\t\t\t<\/div>\r\n\t\t\t\t\t\t\t<div class=\"elementor-accordion-item\">\r\n\t\t\t\t\t<h4 id=\"elementor-tab-title-4934\" class=\"elementor-tab-title the7-accordion-header\" data-tab=\"4\" role=\"tab\" aria-controls=\"elementor-tab-content-4934\">\r\n\r\n\t\t\t\t\t\t\t\t\t\t\t\t\t<span class=\"elementor-accordion-icon elementor-accordion-icon-left\" aria-hidden=\"true\">\r\n\t\t\t\t\t\t\t\t\t\t\t\t\t\t\t<span class=\"elementor-accordion-icon-closed\"><i class=\"fas fa-chevron-down\"><\/i><\/span>\r\n\t\t\t\t\t\t\t\t\t\t\t\t\t\t\t\t\t<span class=\"elementor-accordion-icon-opened\"><i class=\"fas fa-chevron-up\"><\/i><\/span>\r\n\t\t\t\t\t\t\t\t\t\t\t\t\t\t\t\t\t\t\t\t\t\t<\/span>\r\n\t\t\t\t\t\t\t\t\t\t\t\t\t\t\t\t\t\t<a class=\"elementor-accordion-title\" href=\"\">Valmistamine<\/a>\r\n\t\t\t\t\t<\/h4>\r\n\t\t\t\t\t<div id=\"elementor-tab-content-4934\" class=\"elementor-tab-content elementor-clearfix\" data-tab=\"4\" role=\"tabpanel\" aria-labelledby=\"elementor-tab-title-4934\"><p>Lihtne, aga vajalik segu aloest ja CBD-st.<\/p><\/div>\r\n\t\t\t\t<\/div>\r\n\t\t\t\t\t\t\t<div class=\"elementor-accordion-item\">\r\n\t\t\t\t\t<h4 id=\"elementor-tab-title-4935\" class=\"elementor-tab-title the7-accordion-header\" data-tab=\"5\" role=\"tab\" aria-controls=\"elementor-tab-content-4935\">\r\n\r\n\t\t\t\t\t\t\t\t\t\t\t\t\t<span class=\"elementor-accordion-icon elementor-accordion-icon-left\" aria-hidden=\"true\">\r\n\t\t\t\t\t\t\t\t\t\t\t\t\t\t\t<span class=\"elementor-accordion-icon-closed\"><i class=\"fas fa-chevron-down\"><\/i><\/span>\r\n\t\t\t\t\t\t\t\t\t\t\t\t\t\t\t\t\t<span class=\"elementor-accordion-icon-opened\"><i class=\"fas fa-chevron-up\"><\/i><\/span>\r\n\t\t\t\t\t\t\t\t\t\t\t\t\t\t\t\t\t\t\t\t\t\t<\/span>\r\n\t\t\t\t\t\t\t\t\t\t\t\t\t\t\t\t\t\t<a class=\"elementor-accordion-title\" href=\"\">S\u00e4ilitamine<\/a>\r\n\t\t\t\t\t<\/h4>\r\n\t\t\t\t\t<div id=\"elementor-tab-content-4935\" class=\"elementor-tab-content elementor-clearfix\" data-tab=\"5\" role=\"tabpanel\" aria-labelledby=\"elementor-tab-title-4935\"><ul><li>Hoida pimedas ja k\u00fclmkapis v\u00f5i toatemperatuuril<\/li><\/ul><\/div>\r\n\t\t\t\t<\/div>\r\n\t\t\t\t\t<\/div>\r\n\t\t\t\t\t\t<\/div>\n\t\t\t\t<\/div>\n\t\t\t\t<div class=\"elementor-element elementor-element-942eca7 elementor-hidden-desktop elementor-hidden-tablet elementor-hidden-mobile elementor-widget elementor-widget-image\" data-id=\"942eca7\" data-element_type=\"widget\" data-e-type=\"widget\" data-widget_type=\"image.default\">\n\t\t\t\t<div class=\"elementor-widget-container\">\n\t\t\t\t\t\t\t\t\t\t\t\t\t\t\t<img fetchpriority=\"high\" decoding=\"async\" width=\"601\" height=\"801\" src=\"https:\/\/zennative.fi\/wp-content\/uploads\/2021\/12\/Zen-Native-CBD-After-Gel-Aloe-Vera-ja-CBD-4.png\" class=\"attachment-large size-large wp-image-39989\" alt=\"cbd\" srcset=\"https:\/\/zennative.fi\/wp-content\/uploads\/2021\/12\/Zen-Native-CBD-After-Gel-Aloe-Vera-ja-CBD-4.png 601w, https:\/\/zennative.fi\/wp-content\/uploads\/2021\/12\/Zen-Native-CBD-After-Gel-Aloe-Vera-ja-CBD-4-225x300.png 225w\" sizes=\"(max-width: 601px) 100vw, 601px\" \/>\t\t\t\t\t\t\t\t\t\t\t\t\t\t\t<\/div>\n\t\t\t\t<\/div>\n\t\t\t\t\t<\/div>\n\t\t<\/div>\n\t\t\t\t\t<\/div>\n\t\t<\/section>\n\t\t\t\t<\/div>\n\t\t","protected":false},"excerpt":{"rendered":"<p>Aloe Vera ja CBD on kui kokku loodud. See geel rahustab, jahutab ja ei j\u00e4\u00e4 kleepuma.<\/p>\n","protected":false},"featured_media":39989,"comment_status":"closed","ping_status":"closed","template":"","meta":[],"product_brand":[],"product_cat":[240],"product_tag":[238,230,227,239],"class_list":{"0":"post-39985","1":"product","2":"type-product","3":"status-publish","4":"has-post-thumbnail","6":"product_cat-cbd-kosmeetika","7":"product_tag-c-vitamiin","8":"product_tag-c8","9":"product_tag-cbd","10":"product_tag-d-vitamiin","12":"first","13":"instock","14":"shipping-taxable","15":"purchasable","16":"product-type-simple"},"_links":{"self":[{"href":"https:\/\/zennative.fi\/et\/wp-json\/wp\/v2\/product\/39985","targetHints":{"allow":["GET"]}}],"collection":[{"href":"https:\/\/zennative.fi\/et\/wp-json\/wp\/v2\/product"}],"about":[{"href":"https:\/\/zennative.fi\/et\/wp-json\/wp\/v2\/types\/product"}],"replies":[{"embeddable":true,"href":"https:\/\/zennative.fi\/et\/wp-json\/wp\/v2\/comments?post=39985"}],"version-history":[{"count":10,"href":"https:\/\/zennative.fi\/et\/wp-json\/wp\/v2\/product\/39985\/revisions"}],"predecessor-version":[{"id":80644,"href":"https:\/\/zennative.fi\/et\/wp-json\/wp\/v2\/product\/39985\/revisions\/80644"}],"wp:featuredmedia":[{"embeddable":true,"href":"https:\/\/zennative.fi\/et\/wp-json\/wp\/v2\/media\/39989"}],"wp:attachment":[{"href":"https:\/\/zennative.fi\/et\/wp-json\/wp\/v2\/media?parent=39985"}],"wp:term":[{"taxonomy":"product_brand","embeddable":true,"href":"https:\/\/zennative.fi\/et\/wp-json\/wp\/v2\/product_brand?post=39985"},{"taxonomy":"product_cat","embeddable":true,"href":"https:\/\/zennative.fi\/et\/wp-json\/wp\/v2\/product_cat?post=39985"},{"taxonomy":"product_tag","embeddable":true,"href":"https:\/\/zennative.fi\/et\/wp-json\/wp\/v2\/product_tag?post=39985"}],"curies":[{"name":"wp","href":"https:\/\/api.w.org\/{rel}","templated":true}]}}