{"id":41522,"date":"2022-02-13T07:15:36","date_gmt":"2022-02-13T05:15:36","guid":{"rendered":"https:\/\/lt.zennative.ee\/?post_type=product&#038;p=41522"},"modified":"2025-07-02T12:21:34","modified_gmt":"2025-07-02T10:21:34","slug":"cbd-oli-kristall-seerum-500mg-10ml","status":"publish","type":"product","link":"https:\/\/zennative.fi\/et\/toode\/cbd-oli-kristall-seerum-500mg-10ml\/","title":{"rendered":"Kristall CBD \u00d5li &#8211; 500mg (5%)"},"content":{"rendered":"\t\t<div data-elementor-type=\"product-post\" data-elementor-id=\"41522\" class=\"elementor elementor-41522\" data-elementor-post-type=\"product\">\n\t\t\t\t\t\t<section class=\"elementor-section elementor-top-section elementor-element elementor-element-4c104f4 elementor-section-boxed elementor-section-height-default elementor-section-height-default\" data-id=\"4c104f4\" data-element_type=\"section\" data-e-type=\"section\">\n\t\t\t\t\t\t<div class=\"elementor-container elementor-column-gap-wide\">\n\t\t\t\t\t<div class=\"elementor-column elementor-col-100 elementor-top-column elementor-element elementor-element-93cefb6\" data-id=\"93cefb6\" data-element_type=\"column\" data-e-type=\"column\">\n\t\t\t<div class=\"elementor-widget-wrap elementor-element-populated\">\n\t\t\t\t\t\t<div class=\"elementor-element elementor-element-dd40012 elementor-widget elementor-widget-text-editor\" data-id=\"dd40012\" data-element_type=\"widget\" data-e-type=\"widget\" data-widget_type=\"text-editor.default\">\n\t\t\t\t<div class=\"elementor-widget-container\">\n\t\t\t\t\t\t\t\t\t<p><strong>See on puhas CBD \u00f5li, mis sisaldab 500mg CBD kristalli.<\/strong> Zen Native&#8217;i 5% konsentratsiooniga CBD \u00f5li on l\u00f5hnatu ja keha poolt h\u00e4sti omastatav, sest see on lahustatud kookosest p\u00e4rit k\u00f5ige peenemas MCT \u00f5lis, imelises kapr\u00fc\u00fclhappes.<\/p><p>10ml, taast\u00f6\u00f6deldud klaasist valguskindel pipetiga pudel. Pudelis kokku v\u00e4hemalt 200 tilka.<\/p><p><strong>Loe lisaks:<\/strong> <a href=\"https:\/\/zennative.fi\/et\/mis-on-cbd\/\" target=\"_blank\" rel=\"noopener\">Kogu info CBD-st?<\/a><\/p>\t\t\t\t\t\t\t\t<\/div>\n\t\t\t\t<\/div>\n\t\t\t\t<div class=\"elementor-element elementor-element-b8d2169 elementor-widget elementor-widget-the7-accordion\" data-id=\"b8d2169\" data-element_type=\"widget\" data-e-type=\"widget\" data-widget_type=\"the7-accordion.default\">\n\t\t\t\t<div class=\"elementor-widget-container\">\n\t\t\t\t\t\t\t<div class=\"elementor-accordion the7-adv-accordion ac_bb_title ac_bb_active_title ac_top_bottom_borders ac_left_right_borders\" data-accordion-type=\"toggle\" role=\"tablist\">\r\n\t\t\t\t\t\t\t<div class=\"elementor-accordion-item\">\r\n\t\t\t\t\t<h3 id=\"elementor-tab-title-1931\" class=\"elementor-tab-title the7-accordion-header deactive-default\" data-tab=\"1\" role=\"tab\" aria-controls=\"elementor-tab-content-1931\">\r\n\r\n\t\t\t\t\t\t\t\t\t\t\t\t\t<span class=\"elementor-accordion-icon elementor-accordion-icon-left\" aria-hidden=\"true\">\r\n\t\t\t\t\t\t\t\t\t\t\t\t\t\t\t<span class=\"elementor-accordion-icon-closed\"><i class=\"fas fa-chevron-down\"><\/i><\/span>\r\n\t\t\t\t\t\t\t\t\t\t\t\t\t\t\t\t\t<span class=\"elementor-accordion-icon-opened\"><i class=\"fas fa-chevron-up\"><\/i><\/span>\r\n\t\t\t\t\t\t\t\t\t\t\t\t\t\t\t\t\t\t\t\t\t\t<\/span>\r\n\t\t\t\t\t\t\t\t\t\t\t\t\t\t\t\t\t\t<a class=\"elementor-accordion-title\" href=\"\">Idee<\/a>\r\n\t\t\t\t\t<\/h3>\r\n\t\t\t\t\t<div id=\"elementor-tab-content-1931\" class=\"elementor-tab-content elementor-clearfix deactive-default\" data-tab=\"1\" role=\"tabpanel\" aria-labelledby=\"elementor-tab-title-1931\"><p>Aastal 2019 tekkis meil Zen Native&#8217;s idee luua CBD \u00f5li oma k\u00f5ige puhtamas vormis. Kuna kannabinoidid on rasv-lagunevad oli selleks vaja leida k\u00f5ige peenem looduslik rasva molekul. Selle leidsime me kookosest. T\u00e4na saamegi uhkusega pakkuda CBD \u00f5li, mis on peen nagu vesi.<\/p><p><strong><br \/><\/strong><em>Sisaldab:<\/em> CBD, C8<\/p><\/div>\r\n\t\t\t\t<\/div>\r\n\t\t\t\t\t\t\t<div class=\"elementor-accordion-item\">\r\n\t\t\t\t\t<h3 id=\"elementor-tab-title-1932\" class=\"elementor-tab-title the7-accordion-header\" data-tab=\"2\" role=\"tab\" aria-controls=\"elementor-tab-content-1932\">\r\n\r\n\t\t\t\t\t\t\t\t\t\t\t\t\t<span class=\"elementor-accordion-icon elementor-accordion-icon-left\" aria-hidden=\"true\">\r\n\t\t\t\t\t\t\t\t\t\t\t\t\t\t\t<span class=\"elementor-accordion-icon-closed\"><i class=\"fas fa-chevron-down\"><\/i><\/span>\r\n\t\t\t\t\t\t\t\t\t\t\t\t\t\t\t\t\t<span class=\"elementor-accordion-icon-opened\"><i class=\"fas fa-chevron-up\"><\/i><\/span>\r\n\t\t\t\t\t\t\t\t\t\t\t\t\t\t\t\t\t\t\t\t\t\t<\/span>\r\n\t\t\t\t\t\t\t\t\t\t\t\t\t\t\t\t\t\t<a class=\"elementor-accordion-title\" href=\"\">Kasutamine Seespidiselt<\/a>\r\n\t\t\t\t\t<\/h3>\r\n\t\t\t\t\t<div id=\"elementor-tab-content-1932\" class=\"elementor-tab-content elementor-clearfix\" data-tab=\"2\" role=\"tabpanel\" aria-labelledby=\"elementor-tab-title-1932\"><p>Selles \u00f5lis saad k\u00f5ik CBD kasulikud omadused, sealhulgas:<\/p><ul><li style=\"list-style-type: none;\"><ul><li>Rahustab n\u00e4rvis\u00fcsteemi, lihaspingeid ja \u00e4revust<\/li><li>Aitab uinuda ja magamas p\u00fcsida<\/li><li>Alandab stressihormooni ja p\u00f5letike taset<\/li><\/ul><\/li><\/ul><p>\u00dches tilgas on 2,5mg CBD-d. 1mg CBD = 1kg kohta. 75kg inimesele = 30 tilka keele alla.<\/p><p><strong>Loe lisaks:<\/strong> <a href=\"https:\/\/zennative.fi\/et\/mis-on-cbd\/\" target=\"_blank\" rel=\"noopener\">Kogu info CBD-st?<\/a><\/p><ul><li style=\"list-style-type: none;\">\u00a0<\/li><\/ul><\/div>\r\n\t\t\t\t<\/div>\r\n\t\t\t\t\t\t\t<div class=\"elementor-accordion-item\">\r\n\t\t\t\t\t<h3 id=\"elementor-tab-title-1933\" class=\"elementor-tab-title the7-accordion-header\" data-tab=\"3\" role=\"tab\" aria-controls=\"elementor-tab-content-1933\">\r\n\r\n\t\t\t\t\t\t\t\t\t\t\t\t\t<span class=\"elementor-accordion-icon elementor-accordion-icon-left\" aria-hidden=\"true\">\r\n\t\t\t\t\t\t\t\t\t\t\t\t\t\t\t<span class=\"elementor-accordion-icon-closed\"><i class=\"fas fa-chevron-down\"><\/i><\/span>\r\n\t\t\t\t\t\t\t\t\t\t\t\t\t\t\t\t\t<span class=\"elementor-accordion-icon-opened\"><i class=\"fas fa-chevron-up\"><\/i><\/span>\r\n\t\t\t\t\t\t\t\t\t\t\t\t\t\t\t\t\t\t\t\t\t\t<\/span>\r\n\t\t\t\t\t\t\t\t\t\t\t\t\t\t\t\t\t\t<a class=\"elementor-accordion-title\" href=\"\">Kasutamine V\u00e4lispidiselt<\/a>\r\n\t\t\t\t\t<\/h3>\r\n\t\t\t\t\t<div id=\"elementor-tab-content-1933\" class=\"elementor-tab-content elementor-clearfix\" data-tab=\"3\" role=\"tabpanel\" aria-labelledby=\"elementor-tab-title-1933\"><p>\u00d5rnalt patsutades masseerida 1-3 tilka peopesa suurusele puhtale nahale. V\u00e4ltida silma sattumist.<\/p><ul><li style=\"list-style-type: none;\"><ul><li><p>Rahustab kiiresti p\u00f5letikulist nahka<\/p><\/li><li><p>Niisutab s\u00fcgavuti ja\u00a0tasakaalustab ka rasust nahka<\/p><\/li><li><p>T\u00f5stab loomulikku kollageeni tootlikust<\/p><\/li><li><p>Rahustab valutavaid lihaseid ja liigeseid<\/p><\/li><\/ul><\/li><\/ul><p><strong>5%<\/strong> = Profilaktikaks ja \u00fcldiselt terve naha eest hoolitsemiseks<\/p><p><strong>15%<\/strong> = Probleemsele, p\u00f5letikulisele v\u00f5i aknele kalduva naha eesti hoolitsemiseks<\/p><p><strong>30%<\/strong> = Nahahaiguste leevendamiseks ja raviks<\/p><p><strong>Loe lisaks:<\/strong> <a href=\"https:\/\/zennative.fi\/et\/mis-on-cbd\/\" target=\"_blank\" rel=\"noopener\">Kogu info CBD-st?<\/a><\/p><\/div>\r\n\t\t\t\t<\/div>\r\n\t\t\t\t\t\t\t<div class=\"elementor-accordion-item\">\r\n\t\t\t\t\t<h3 id=\"elementor-tab-title-1934\" class=\"elementor-tab-title the7-accordion-header\" data-tab=\"4\" role=\"tab\" aria-controls=\"elementor-tab-content-1934\">\r\n\r\n\t\t\t\t\t\t\t\t\t\t\t\t\t<span class=\"elementor-accordion-icon elementor-accordion-icon-left\" aria-hidden=\"true\">\r\n\t\t\t\t\t\t\t\t\t\t\t\t\t\t\t<span class=\"elementor-accordion-icon-closed\"><i class=\"fas fa-chevron-down\"><\/i><\/span>\r\n\t\t\t\t\t\t\t\t\t\t\t\t\t\t\t\t\t<span class=\"elementor-accordion-icon-opened\"><i class=\"fas fa-chevron-up\"><\/i><\/span>\r\n\t\t\t\t\t\t\t\t\t\t\t\t\t\t\t\t\t\t\t\t\t\t<\/span>\r\n\t\t\t\t\t\t\t\t\t\t\t\t\t\t\t\t\t\t<a class=\"elementor-accordion-title\" href=\"\">Lisav\u00e4\u00e4rtused<\/a>\r\n\t\t\t\t\t<\/h3>\r\n\t\t\t\t\t<div id=\"elementor-tab-content-1934\" class=\"elementor-tab-content elementor-clearfix\" data-tab=\"4\" role=\"tabpanel\" aria-labelledby=\"elementor-tab-title-1934\"><ul><li>Maailma Antidopingu Agentuuri poolt lubatud<\/li><li>100% loodusliku p\u00e4ritolu<\/li><li>Taast\u00f6\u00f6deldud klaasis valgust t\u00f5rjuv pudel<\/li><li>Palmi\u00f5li vaba,\u00a0GMO vaba ja Vegan<\/li><li>Toodetud Eestis<\/li><\/ul><\/div>\r\n\t\t\t\t<\/div>\r\n\t\t\t\t\t\t\t<div class=\"elementor-accordion-item\">\r\n\t\t\t\t\t<h3 id=\"elementor-tab-title-1935\" class=\"elementor-tab-title the7-accordion-header\" data-tab=\"5\" role=\"tab\" aria-controls=\"elementor-tab-content-1935\">\r\n\r\n\t\t\t\t\t\t\t\t\t\t\t\t\t<span class=\"elementor-accordion-icon elementor-accordion-icon-left\" aria-hidden=\"true\">\r\n\t\t\t\t\t\t\t\t\t\t\t\t\t\t\t<span class=\"elementor-accordion-icon-closed\"><i class=\"fas fa-chevron-down\"><\/i><\/span>\r\n\t\t\t\t\t\t\t\t\t\t\t\t\t\t\t\t\t<span class=\"elementor-accordion-icon-opened\"><i class=\"fas fa-chevron-up\"><\/i><\/span>\r\n\t\t\t\t\t\t\t\t\t\t\t\t\t\t\t\t\t\t\t\t\t\t<\/span>\r\n\t\t\t\t\t\t\t\t\t\t\t\t\t\t\t\t\t\t<a class=\"elementor-accordion-title\" href=\"\">Valmistamine<\/a>\r\n\t\t\t\t\t<\/h3>\r\n\t\t\t\t\t<div id=\"elementor-tab-content-1935\" class=\"elementor-tab-content elementor-clearfix\" data-tab=\"5\" role=\"tabpanel\" aria-labelledby=\"elementor-tab-title-1935\"><p>\u00a0<\/p><p>Kanepiekstraktist eraldatakse kristalliseerimise meetodil CBD molekul. Seej\u00e4rel lahustatakse see kookosest eraldatud C8 molekulis.<\/p><p>\u00a0<\/p><\/div>\r\n\t\t\t\t<\/div>\r\n\t\t\t\t\t\t\t<div class=\"elementor-accordion-item\">\r\n\t\t\t\t\t<h3 id=\"elementor-tab-title-1936\" class=\"elementor-tab-title the7-accordion-header\" data-tab=\"6\" role=\"tab\" aria-controls=\"elementor-tab-content-1936\">\r\n\r\n\t\t\t\t\t\t\t\t\t\t\t\t\t<span class=\"elementor-accordion-icon elementor-accordion-icon-left\" aria-hidden=\"true\">\r\n\t\t\t\t\t\t\t\t\t\t\t\t\t\t\t<span class=\"elementor-accordion-icon-closed\"><i class=\"fas fa-chevron-down\"><\/i><\/span>\r\n\t\t\t\t\t\t\t\t\t\t\t\t\t\t\t\t\t<span class=\"elementor-accordion-icon-opened\"><i class=\"fas fa-chevron-up\"><\/i><\/span>\r\n\t\t\t\t\t\t\t\t\t\t\t\t\t\t\t\t\t\t\t\t\t\t<\/span>\r\n\t\t\t\t\t\t\t\t\t\t\t\t\t\t\t\t\t\t<a class=\"elementor-accordion-title\" href=\"\">S\u00e4ilitamine<\/a>\r\n\t\t\t\t\t<\/h3>\r\n\t\t\t\t\t<div id=\"elementor-tab-content-1936\" class=\"elementor-tab-content elementor-clearfix\" data-tab=\"6\" role=\"tabpanel\" aria-labelledby=\"elementor-tab-title-1936\"><p>\u00a0<\/p><ul><li>Hoida pimedas ja toatemperatuuril<\/li><li>V\u00e4ltida pipetiga suu v\u00f5i naha puudutamist.\u00a0<\/li><\/ul><p>\u00a0<\/p><\/div>\r\n\t\t\t\t<\/div>\r\n\t\t\t\t\t<\/div>\r\n\t\t\t\t\t\t<\/div>\n\t\t\t\t<\/div>\n\t\t\t\t<div class=\"elementor-element elementor-element-8eae35d elementor-hidden-desktop elementor-hidden-tablet elementor-hidden-mobile elementor-widget elementor-widget-image\" data-id=\"8eae35d\" data-element_type=\"widget\" data-e-type=\"widget\" data-widget_type=\"image.default\">\n\t\t\t\t<div class=\"elementor-widget-container\">\n\t\t\t\t\t\t\t\t\t\t\t\t\t\t\t<img fetchpriority=\"high\" decoding=\"async\" width=\"600\" height=\"800\" src=\"https:\/\/zennative.fi\/wp-content\/uploads\/2021\/01\/Zen-Native-Crystal-Serum-CBD-Oil-06.png\" class=\"attachment-large size-large wp-image-39911\" alt=\"cbd \u00f5li\" srcset=\"https:\/\/zennative.fi\/wp-content\/uploads\/2021\/01\/Zen-Native-Crystal-Serum-CBD-Oil-06.png 600w, https:\/\/zennative.fi\/wp-content\/uploads\/2021\/01\/Zen-Native-Crystal-Serum-CBD-Oil-06-225x300.png 225w\" sizes=\"(max-width: 600px) 100vw, 600px\" \/>\t\t\t\t\t\t\t\t\t\t\t\t\t\t\t<\/div>\n\t\t\t\t<\/div>\n\t\t\t\t\t<\/div>\n\t\t<\/div>\n\t\t\t\t\t<\/div>\n\t\t<\/section>\n\t\t\t\t<\/div>\n\t\t","protected":false},"excerpt":{"rendered":"<p><strong>See on puhas CBD \u00f5li, mis sisaldab 500mg CBD kristalli.<\/strong> Zen Native\u2019i 5% konsentratsiooniga CBD \u00f5li on l\u00f5hnatu, maitsetu ja keha poolt h\u00e4sti omastatav, sest see on lahustatud kookosest p\u00e4rit k\u00f5ige peenemas MCT \u00f5lis, imelises kapr\u00fc\u00fclhappes.<\/p>\n<p>10ml, taast\u00f6\u00f6deldud klaasist valguskindel pipetiga pudel. Pudelis kokku v\u00e4hemalt 200 tilka. \u00dches tilgas on 2,5mg CBD-d.<\/p>\n","protected":false},"featured_media":41535,"comment_status":"closed","ping_status":"closed","template":"","meta":[],"product_brand":[],"product_cat":[152],"product_tag":[230,227,236,272,231],"class_list":{"0":"post-41522","1":"product","2":"type-product","3":"status-publish","4":"has-post-thumbnail","6":"product_cat-cbd-olid","7":"product_tag-c8","8":"product_tag-cbd","9":"product_tag-cbd-kanepioli","10":"product_tag-cbd-oli","11":"product_tag-wada","13":"first","14":"instock","15":"shipping-taxable","16":"purchasable","17":"product-type-simple"},"_links":{"self":[{"href":"https:\/\/zennative.fi\/et\/wp-json\/wp\/v2\/product\/41522","targetHints":{"allow":["GET"]}}],"collection":[{"href":"https:\/\/zennative.fi\/et\/wp-json\/wp\/v2\/product"}],"about":[{"href":"https:\/\/zennative.fi\/et\/wp-json\/wp\/v2\/types\/product"}],"replies":[{"embeddable":true,"href":"https:\/\/zennative.fi\/et\/wp-json\/wp\/v2\/comments?post=41522"}],"version-history":[{"count":10,"href":"https:\/\/zennative.fi\/et\/wp-json\/wp\/v2\/product\/41522\/revisions"}],"predecessor-version":[{"id":80740,"href":"https:\/\/zennative.fi\/et\/wp-json\/wp\/v2\/product\/41522\/revisions\/80740"}],"wp:featuredmedia":[{"embeddable":true,"href":"https:\/\/zennative.fi\/et\/wp-json\/wp\/v2\/media\/41535"}],"wp:attachment":[{"href":"https:\/\/zennative.fi\/et\/wp-json\/wp\/v2\/media?parent=41522"}],"wp:term":[{"taxonomy":"product_brand","embeddable":true,"href":"https:\/\/zennative.fi\/et\/wp-json\/wp\/v2\/product_brand?post=41522"},{"taxonomy":"product_cat","embeddable":true,"href":"https:\/\/zennative.fi\/et\/wp-json\/wp\/v2\/product_cat?post=41522"},{"taxonomy":"product_tag","embeddable":true,"href":"https:\/\/zennative.fi\/et\/wp-json\/wp\/v2\/product_tag?post=41522"}],"curies":[{"name":"wp","href":"https:\/\/api.w.org\/{rel}","templated":true}]}}