{"id":41582,"date":"2022-02-13T10:35:42","date_gmt":"2022-02-13T08:35:42","guid":{"rendered":"https:\/\/lt.zennative.ee\/?post_type=product&#038;p=41582"},"modified":"2025-07-02T12:21:00","modified_gmt":"2025-07-02T10:21:00","slug":"full-spectrum-cbd-oli-500mg-5","status":"publish","type":"product","link":"https:\/\/zennative.fi\/et\/toode\/full-spectrum-cbd-oli-500mg-5\/","title":{"rendered":"Full Spectrum CBD \u00d5li &#8211; 500mg (5%)"},"content":{"rendered":"\t\t<div data-elementor-type=\"product-post\" data-elementor-id=\"41582\" class=\"elementor elementor-41582\" data-elementor-post-type=\"product\">\n\t\t\t\t\t\t<section class=\"elementor-section elementor-top-section elementor-element elementor-element-4c104f4 elementor-section-boxed elementor-section-height-default elementor-section-height-default\" data-id=\"4c104f4\" data-element_type=\"section\" data-e-type=\"section\">\n\t\t\t\t\t\t<div class=\"elementor-container elementor-column-gap-wide\">\n\t\t\t\t\t<div class=\"elementor-column elementor-col-100 elementor-top-column elementor-element elementor-element-93cefb6\" data-id=\"93cefb6\" data-element_type=\"column\" data-e-type=\"column\">\n\t\t\t<div class=\"elementor-widget-wrap elementor-element-populated\">\n\t\t\t\t\t\t<div class=\"elementor-element elementor-element-6995fa3 elementor-widget elementor-widget-text-editor\" data-id=\"6995fa3\" data-element_type=\"widget\" data-e-type=\"widget\" data-widget_type=\"text-editor.default\">\n\t\t\t\t<div class=\"elementor-widget-container\">\n\t\t\t\t\t\t\t\t\t<p><strong>Zen Native T\u00e4isspektri CBD \u00f5li sisaldab kogu kanepitaime v\u00e4ge. Sellest saadakse k\u00f5ik vajalikud kannabinoidid, sealhulgas<\/strong><strong> CBG, CBC, CBN, THC ja 500mg CBD.<\/strong>\u00a0<\/p><p>See esmaklassiline CBD \u00f5li sisaldab k\u00f5iki kanepi flavonoide ja terpeene. Zen Native\u2019i 5% konsentratsiooniline Full Spectrum CBD \u00f5li on pruunikas-rohelise v\u00e4rvusega, meeldiva maitsega kanepi\u00f5li, mis on keha poolt h\u00e4sti omastatav, sest see on lahustatud peenes kookosest p\u00e4rit MCT \u00f5lis.<\/p><p>10ml, taast\u00f6\u00f6deldud klaasist valguskindel pipetiga pudel. Pudelis kokku v\u00e4hemalt 200 tilka.<\/p><p><strong>Loe lisaks:<\/strong> <a href=\"https:\/\/zennative.fi\/et\/mis-on-cbd\/\" target=\"_blank\" rel=\"noopener\">Kogu info CBD-st?<\/a><\/p>\t\t\t\t\t\t\t\t<\/div>\n\t\t\t\t<\/div>\n\t\t\t\t<div class=\"elementor-element elementor-element-6d0b0ad elementor-widget elementor-widget-the7-accordion\" data-id=\"6d0b0ad\" data-element_type=\"widget\" data-e-type=\"widget\" data-widget_type=\"the7-accordion.default\">\n\t\t\t\t<div class=\"elementor-widget-container\">\n\t\t\t\t\t\t\t<div class=\"elementor-accordion the7-adv-accordion ac_bb_title ac_bb_active_title ac_top_bottom_borders ac_left_right_borders\" data-accordion-type=\"toggle\" role=\"tablist\">\r\n\t\t\t\t\t\t\t<div class=\"elementor-accordion-item\">\r\n\t\t\t\t\t<h3 id=\"elementor-tab-title-1141\" class=\"elementor-tab-title the7-accordion-header deactive-default\" data-tab=\"1\" role=\"tab\" aria-controls=\"elementor-tab-content-1141\">\r\n\r\n\t\t\t\t\t\t\t\t\t\t\t\t\t<span class=\"elementor-accordion-icon elementor-accordion-icon-left\" aria-hidden=\"true\">\r\n\t\t\t\t\t\t\t\t\t\t\t\t\t\t\t<span class=\"elementor-accordion-icon-closed\"><i class=\"fas fa-chevron-down\"><\/i><\/span>\r\n\t\t\t\t\t\t\t\t\t\t\t\t\t\t\t\t\t<span class=\"elementor-accordion-icon-opened\"><i class=\"fas fa-chevron-up\"><\/i><\/span>\r\n\t\t\t\t\t\t\t\t\t\t\t\t\t\t\t\t\t\t\t\t\t\t<\/span>\r\n\t\t\t\t\t\t\t\t\t\t\t\t\t\t\t\t\t\t<a class=\"elementor-accordion-title\" href=\"\">Idee<\/a>\r\n\t\t\t\t\t<\/h3>\r\n\t\t\t\t\t<div id=\"elementor-tab-content-1141\" class=\"elementor-tab-content elementor-clearfix deactive-default\" data-tab=\"1\" role=\"tabpanel\" aria-labelledby=\"elementor-tab-title-1141\"><p><strong><br \/>Full Spectrum ehk T\u00e4isspektri CBD \u00f5li loomise idee oli ammutada kvaliteetseimast kanepi taimest kogu selle v\u00e4gi. <\/strong>See sai loodud inimestele, kelle jaoks Kristall CBD \u00d5li ei andnud piisavalt tuntavat efekti.<\/p><p><em>Sisaldab:<\/em>\u00a0T\u00e4isspektri kanepi ekstrakt, MCT \u00f5li.<br \/><br \/><\/p><\/div>\r\n\t\t\t\t<\/div>\r\n\t\t\t\t\t\t\t<div class=\"elementor-accordion-item\">\r\n\t\t\t\t\t<h3 id=\"elementor-tab-title-1142\" class=\"elementor-tab-title the7-accordion-header\" data-tab=\"2\" role=\"tab\" aria-controls=\"elementor-tab-content-1142\">\r\n\r\n\t\t\t\t\t\t\t\t\t\t\t\t\t<span class=\"elementor-accordion-icon elementor-accordion-icon-left\" aria-hidden=\"true\">\r\n\t\t\t\t\t\t\t\t\t\t\t\t\t\t\t<span class=\"elementor-accordion-icon-closed\"><i class=\"fas fa-chevron-down\"><\/i><\/span>\r\n\t\t\t\t\t\t\t\t\t\t\t\t\t\t\t\t\t<span class=\"elementor-accordion-icon-opened\"><i class=\"fas fa-chevron-up\"><\/i><\/span>\r\n\t\t\t\t\t\t\t\t\t\t\t\t\t\t\t\t\t\t\t\t\t\t<\/span>\r\n\t\t\t\t\t\t\t\t\t\t\t\t\t\t\t\t\t\t<a class=\"elementor-accordion-title\" href=\"\">Kasutamine Seespidiselt<\/a>\r\n\t\t\t\t\t<\/h3>\r\n\t\t\t\t\t<div id=\"elementor-tab-content-1142\" class=\"elementor-tab-content elementor-clearfix\" data-tab=\"2\" role=\"tabpanel\" aria-labelledby=\"elementor-tab-title-1142\"><p>Selles \u00f5lis on k\u00f5ik CBD kasulikud omadused, sealhulgas:<\/p><ul><li style=\"list-style-type: none;\"><ul><li><strong>Rahustab<\/strong> n\u00e4rvis\u00fcsteemi, lihaspingeid ja \u00e4revust<\/li><li><strong>Aitab uinuda<\/strong> ja magamas p\u00fcsida<\/li><li><strong>Alandab stressihormooni<\/strong> ja <strong>p\u00f5letike<\/strong> taset<\/li><\/ul><\/li><\/ul><p>75kg inimesele = <strong>30 tilka<\/strong> keele alla.<\/p><p>\u00dches tilgas on<strong> 2.5mg<\/strong> CBD-d. 1mg CBD = 1kg kohta.<\/p><p><strong>Loe lisaks:<\/strong> <a href=\"https:\/\/zennative.fi\/et\/mis-on-cbd\/\" target=\"_blank\" rel=\"noopener\">Kogu info CBD-st?<\/a><\/p><\/div>\r\n\t\t\t\t<\/div>\r\n\t\t\t\t\t\t\t<div class=\"elementor-accordion-item\">\r\n\t\t\t\t\t<h3 id=\"elementor-tab-title-1143\" class=\"elementor-tab-title the7-accordion-header\" data-tab=\"3\" role=\"tab\" aria-controls=\"elementor-tab-content-1143\">\r\n\r\n\t\t\t\t\t\t\t\t\t\t\t\t\t<span class=\"elementor-accordion-icon elementor-accordion-icon-left\" aria-hidden=\"true\">\r\n\t\t\t\t\t\t\t\t\t\t\t\t\t\t\t<span class=\"elementor-accordion-icon-closed\"><i class=\"fas fa-chevron-down\"><\/i><\/span>\r\n\t\t\t\t\t\t\t\t\t\t\t\t\t\t\t\t\t<span class=\"elementor-accordion-icon-opened\"><i class=\"fas fa-chevron-up\"><\/i><\/span>\r\n\t\t\t\t\t\t\t\t\t\t\t\t\t\t\t\t\t\t\t\t\t\t<\/span>\r\n\t\t\t\t\t\t\t\t\t\t\t\t\t\t\t\t\t\t<a class=\"elementor-accordion-title\" href=\"\">Kasutamine V\u00e4lispidiselt<\/a>\r\n\t\t\t\t\t<\/h3>\r\n\t\t\t\t\t<div id=\"elementor-tab-content-1143\" class=\"elementor-tab-content elementor-clearfix\" data-tab=\"3\" role=\"tabpanel\" aria-labelledby=\"elementor-tab-title-1143\"><p>\u00d5rnalt patsutades masseerida 1-3 tilka peopesa suurusele puhtale nahale. V\u00e4ltida silma sattumist.<\/p><ul><li style=\"list-style-type: none;\"><ul><li>Rahustab kiiresti p\u00f5letikulist nahka<\/li><li>Niisutab kauaks ja\u00a0sobib ka rasusele nahale<\/li><li>T\u00f5stab loomulikku kollageeni tootlikust<\/li><li>V\u00f5itleb edukalt nahaprobleemidega, nagu ekseem ja akne<\/li><li>Rahustab valutavaid lihaseid ja liigeseid<\/li><\/ul><\/li><\/ul><p><strong>Milline kangus valida?\u00a0<\/strong><\/p><p style=\"padding-left: 40px;\"><strong>5%<\/strong> = Prof\u00fclaktikaks ja naha eest hoolitsemiseks<\/p><p style=\"padding-left: 40px;\"><strong>15%<\/strong> = Probleemsele, p\u00f5letikulisele v\u00f5i aknele kalduva naha eest hoolitsemiseks<\/p><p style=\"padding-left: 40px;\"><strong>30%<\/strong> = Nahahaiguste leevendamiseks ja raviks<\/p><p><strong>Loe lisaks:<\/strong> <a href=\"https:\/\/zennative.fi\/et\/mis-on-cbd\/\" target=\"_blank\" rel=\"noopener\">Kogu info CBD-st?<\/a><\/p><\/div>\r\n\t\t\t\t<\/div>\r\n\t\t\t\t\t\t\t<div class=\"elementor-accordion-item\">\r\n\t\t\t\t\t<h3 id=\"elementor-tab-title-1144\" class=\"elementor-tab-title the7-accordion-header\" data-tab=\"4\" role=\"tab\" aria-controls=\"elementor-tab-content-1144\">\r\n\r\n\t\t\t\t\t\t\t\t\t\t\t\t\t<span class=\"elementor-accordion-icon elementor-accordion-icon-left\" aria-hidden=\"true\">\r\n\t\t\t\t\t\t\t\t\t\t\t\t\t\t\t<span class=\"elementor-accordion-icon-closed\"><i class=\"fas fa-chevron-down\"><\/i><\/span>\r\n\t\t\t\t\t\t\t\t\t\t\t\t\t\t\t\t\t<span class=\"elementor-accordion-icon-opened\"><i class=\"fas fa-chevron-up\"><\/i><\/span>\r\n\t\t\t\t\t\t\t\t\t\t\t\t\t\t\t\t\t\t\t\t\t\t<\/span>\r\n\t\t\t\t\t\t\t\t\t\t\t\t\t\t\t\t\t\t<a class=\"elementor-accordion-title\" href=\"\">Lisav\u00e4\u00e4rtused<\/a>\r\n\t\t\t\t\t<\/h3>\r\n\t\t\t\t\t<div id=\"elementor-tab-content-1144\" class=\"elementor-tab-content elementor-clearfix\" data-tab=\"4\" role=\"tabpanel\" aria-labelledby=\"elementor-tab-title-1144\"><ul><li>Eesti Kohtuekspertiisi Labori poolt testitud | <a href=\"https:\/\/lt.zennative.ee\/Zen-Native-Full-Spectrum-CBD-oli-EKEI-tulemused-uuringuakt-THC-ja-CBD.pdf\" target=\"_blank\" rel=\"noopener\">PDF<\/a><\/li><li>100% loodusliku p\u00e4ritolu<\/li><li>Taast\u00f6\u00f6deldud klaasis valgust t\u00f5rjuv pudel<\/li><li>Palmi\u00f5li vaba,\u00a0GMO vaba ja Vegan<\/li><li>Toodetud Eestis<\/li><\/ul><\/div>\r\n\t\t\t\t<\/div>\r\n\t\t\t\t\t\t\t<div class=\"elementor-accordion-item\">\r\n\t\t\t\t\t<h3 id=\"elementor-tab-title-1145\" class=\"elementor-tab-title the7-accordion-header\" data-tab=\"5\" role=\"tab\" aria-controls=\"elementor-tab-content-1145\">\r\n\r\n\t\t\t\t\t\t\t\t\t\t\t\t\t<span class=\"elementor-accordion-icon elementor-accordion-icon-left\" aria-hidden=\"true\">\r\n\t\t\t\t\t\t\t\t\t\t\t\t\t\t\t<span class=\"elementor-accordion-icon-closed\"><i class=\"fas fa-chevron-down\"><\/i><\/span>\r\n\t\t\t\t\t\t\t\t\t\t\t\t\t\t\t\t\t<span class=\"elementor-accordion-icon-opened\"><i class=\"fas fa-chevron-up\"><\/i><\/span>\r\n\t\t\t\t\t\t\t\t\t\t\t\t\t\t\t\t\t\t\t\t\t\t<\/span>\r\n\t\t\t\t\t\t\t\t\t\t\t\t\t\t\t\t\t\t<a class=\"elementor-accordion-title\" href=\"\">Valmistamine<\/a>\r\n\t\t\t\t\t<\/h3>\r\n\t\t\t\t\t<div id=\"elementor-tab-content-1145\" class=\"elementor-tab-content elementor-clearfix\" data-tab=\"5\" role=\"tabpanel\" aria-labelledby=\"elementor-tab-title-1145\"><p>Kvaliteetseimast kanepist ekstraheeritakse \u00fclekriitilise CO<sub>2 <\/sub>meetodit kasutades ekstrakt, mis lahjendatakse kookose MCT \u00f5liga.<\/p>\n<p>Kuna kvaliteetsest taimest ekstraheeritud massis l\u00e4heb THC tase \u00fcle EU lubatud 0,3% piiri, teeme me seda \u0160veitsis, kus on lubatud 1% THC. M\u00fc\u00fcdavas \u00f5lis on THC &lt;0,3%.<\/p>\n<p>Kasutame seda meetodit kuna see v\u00f5imaldab hoiduda klassikaliste meetodite puudustest nagu termiline lagunemine, h\u00fcdrol\u00fc\u00fcs&nbsp;ja lahusti j\u00e4\u00e4gid.<\/p>\n<p>Valides Zen Native, saate olla kindlad, et saata konkurentsitult parima CBD turul.<\/p>\n<p><\/p><\/div>\r\n\t\t\t\t<\/div>\r\n\t\t\t\t\t\t\t<div class=\"elementor-accordion-item\">\r\n\t\t\t\t\t<h3 id=\"elementor-tab-title-1146\" class=\"elementor-tab-title the7-accordion-header\" data-tab=\"6\" role=\"tab\" aria-controls=\"elementor-tab-content-1146\">\r\n\r\n\t\t\t\t\t\t\t\t\t\t\t\t\t<span class=\"elementor-accordion-icon elementor-accordion-icon-left\" aria-hidden=\"true\">\r\n\t\t\t\t\t\t\t\t\t\t\t\t\t\t\t<span class=\"elementor-accordion-icon-closed\"><i class=\"fas fa-chevron-down\"><\/i><\/span>\r\n\t\t\t\t\t\t\t\t\t\t\t\t\t\t\t\t\t<span class=\"elementor-accordion-icon-opened\"><i class=\"fas fa-chevron-up\"><\/i><\/span>\r\n\t\t\t\t\t\t\t\t\t\t\t\t\t\t\t\t\t\t\t\t\t\t<\/span>\r\n\t\t\t\t\t\t\t\t\t\t\t\t\t\t\t\t\t\t<a class=\"elementor-accordion-title\" href=\"\">S\u00e4ilitamine<\/a>\r\n\t\t\t\t\t<\/h3>\r\n\t\t\t\t\t<div id=\"elementor-tab-content-1146\" class=\"elementor-tab-content elementor-clearfix\" data-tab=\"6\" role=\"tabpanel\" aria-labelledby=\"elementor-tab-title-1146\"><p>\u00a0<\/p><ul><li>Hoida pimedas ja toatemperatuuril<\/li><li>V\u00e4ltida pipetiga suu v\u00f5i naha puudutamist<\/li><\/ul><\/div>\r\n\t\t\t\t<\/div>\r\n\t\t\t\t\t<\/div>\r\n\t\t\t\t\t\t<\/div>\n\t\t\t\t<\/div>\n\t\t\t\t\t<\/div>\n\t\t<\/div>\n\t\t\t\t\t<\/div>\n\t\t<\/section>\n\t\t\t\t<section class=\"elementor-section elementor-top-section elementor-element elementor-element-4aa086c elementor-section-boxed elementor-section-height-default elementor-section-height-default\" data-id=\"4aa086c\" data-element_type=\"section\" data-e-type=\"section\">\n\t\t\t\t\t\t<div class=\"elementor-container elementor-column-gap-default\">\n\t\t\t\t\t<div class=\"elementor-column elementor-col-100 elementor-top-column elementor-element elementor-element-397a537\" data-id=\"397a537\" data-element_type=\"column\" data-e-type=\"column\">\n\t\t\t<div class=\"elementor-widget-wrap elementor-element-populated\">\n\t\t\t\t\t\t<div class=\"elementor-element elementor-element-08122ab elementor-widget elementor-widget-shortcode\" data-id=\"08122ab\" data-element_type=\"widget\" data-e-type=\"widget\" data-widget_type=\"shortcode.default\">\n\t\t\t\t<div class=\"elementor-widget-container\">\n\t\t\t\t\t\t\t<div class=\"elementor-shortcode\"> <script type=\"application\/ld+json\">\n    {\n      \"@context\": \"https:\/\/lt.zennative.ee\/\u201c,\n      \"@type\": \"Product\",\n      \"name\": \u201cFull \u201cSpectrum CBD oil,\n      \"image\": [\n        \"https:\/\/lt.zennative.ee\/wp-content\/uploads\/2021\/10\/Zen-Native-5-Full-Spectrum-CBD-Oil-Taisspektri-CBD-kanepi-oli_1.png\",\n        \"https:\/\/lt.zennative.ee\/wp-content\/uploads\/2021\/10\/Zen-Native-Pipett-Full-Spectrum-CBD-Oil-Taisspektri-CBD-kanepi-oli.png\",\n        \"https:\/\/lt.zennative.ee\/wp-content\/uploads\/2021\/10\/Zen-Native-5-Full-Spectrum-CBD-Oil-Taisspektri-CBD-kanepi-oli_3.png\"\n       ],\n      \"description\": \"Full Spectrum CBD \u00f5li annab tugevama ja laiema abi kui CBD Kristall \u00d5li ning selle toime on tuntav. Full Spectrum CBD \u00f5li rahustab viha, \u00e4revuse, ebakindluse ja v\u00e4hendab hirmu. F\u00fc\u00fcsiliselt v\u00e4hendab p\u00f5letikku, pingeid ja v\u00e4hki. Full Spectrum CBD \u00f5li sisaldab: k\u00f5iki kannabinoide (CBD, CBG, CBC, CBN...), terpeene ja flavanoide. Kvaliteetseimad ekstraktid on eranditult lahustatud kookose MCT \u00f5lis.\",\n      \"sku\": \"0446310786\",\n      \"brand\": {\n        \"@type\": \"Brand\",\n        \"name\": \u201cZen \u201cNative\n      },\n         \"aggregateRating\": {\n        \"@type\": \"AggregateRating\",\n        \"ratingValue\": \u201c5\u201d,\n        \"reviewCount\": \"89\"\n      },\n      \"offers\": {\n        \"@type\": \"Offer\",\n        \"url\": \"\t\",\n        \"priceCurrency\": \u201cEUR\u201d,\n        \"price\": \"129.99\",\n        \"priceValidUntil\": \"2022-11-20\",\n      }\n    }\n    <\/script><\/div>\n\t\t\t\t\t\t<\/div>\n\t\t\t\t<\/div>\n\t\t\t\t\t<\/div>\n\t\t<\/div>\n\t\t\t\t\t<\/div>\n\t\t<\/section>\n\t\t\t\t<\/div>\n\t\t","protected":false},"excerpt":{"rendered":"<p><strong>Zen Native T\u00e4isspektri CBD \u00f5li sisaldab kogu kanepitaime v\u00e4ge. Sellest saadakse k\u00f5ik kannabinoidid, sealhulgas<\/strong><strong> CBG, CBC, CBN, THC ja 500mg CBD.<\/strong>\u00a0See esmaklassiline CBD \u00f5li sisaldab kanepitaime flavonoide, terpeene. Zen Native\u2019i 5% konsentratsiooniga Full Spectrum CBD \u00f5li on pruunikas-rohelise v\u00e4rvusega, meeldiva kanepi maitsega \u00f5li, mis on keha poolt h\u00e4sti omastatav, sest see on lahustatud kookosest p\u00e4rit peenes MCT \u00f5lis.<\/p>\n<p>10ml, taast\u00f6\u00f6deldud klaasist valguskindel pipetiga pudel. Pudelis kokku v\u00e4hemalt 200 tilka.<\/p>\n","protected":false},"featured_media":41586,"comment_status":"closed","ping_status":"closed","template":"","meta":[],"product_brand":[],"product_cat":[152],"product_tag":[227,236,232,234,235,233,237],"class_list":{"0":"post-41582","1":"product","2":"type-product","3":"status-publish","4":"has-post-thumbnail","6":"product_cat-cbd-olid","7":"product_tag-cbd","8":"product_tag-cbd-kanepioli","9":"product_tag-full-spectrum","10":"product_tag-kenepi-terpeenid-ja-flavonoidid","11":"product_tag-mct","12":"product_tag-taisspektrum","13":"product_tag-terviseoli","15":"first","16":"instock","17":"shipping-taxable","18":"purchasable","19":"product-type-simple"},"_links":{"self":[{"href":"https:\/\/zennative.fi\/et\/wp-json\/wp\/v2\/product\/41582","targetHints":{"allow":["GET"]}}],"collection":[{"href":"https:\/\/zennative.fi\/et\/wp-json\/wp\/v2\/product"}],"about":[{"href":"https:\/\/zennative.fi\/et\/wp-json\/wp\/v2\/types\/product"}],"replies":[{"embeddable":true,"href":"https:\/\/zennative.fi\/et\/wp-json\/wp\/v2\/comments?post=41582"}],"version-history":[{"count":10,"href":"https:\/\/zennative.fi\/et\/wp-json\/wp\/v2\/product\/41582\/revisions"}],"predecessor-version":[{"id":80458,"href":"https:\/\/zennative.fi\/et\/wp-json\/wp\/v2\/product\/41582\/revisions\/80458"}],"wp:featuredmedia":[{"embeddable":true,"href":"https:\/\/zennative.fi\/et\/wp-json\/wp\/v2\/media\/41586"}],"wp:attachment":[{"href":"https:\/\/zennative.fi\/et\/wp-json\/wp\/v2\/media?parent=41582"}],"wp:term":[{"taxonomy":"product_brand","embeddable":true,"href":"https:\/\/zennative.fi\/et\/wp-json\/wp\/v2\/product_brand?post=41582"},{"taxonomy":"product_cat","embeddable":true,"href":"https:\/\/zennative.fi\/et\/wp-json\/wp\/v2\/product_cat?post=41582"},{"taxonomy":"product_tag","embeddable":true,"href":"https:\/\/zennative.fi\/et\/wp-json\/wp\/v2\/product_tag?post=41582"}],"curies":[{"name":"wp","href":"https:\/\/api.w.org\/{rel}","templated":true}]}}