{"id":41762,"date":"2022-02-17T14:09:23","date_gmt":"2022-02-17T12:09:23","guid":{"rendered":"https:\/\/lt.zennative.ee\/?post_type=product&#038;p=41762"},"modified":"2025-05-22T21:31:08","modified_gmt":"2025-05-22T19:31:08","slug":"cbd-naohoolduse-komplekt","status":"publish","type":"product","link":"https:\/\/zennative.fi\/et\/toode\/cbd-naohoolduse-komplekt\/","title":{"rendered":"CBD kodu SPA &#8211; n\u00e4ohoolduse komplekt"},"content":{"rendered":"\t\t<div data-elementor-type=\"product-post\" data-elementor-id=\"41762\" class=\"elementor elementor-41762\" data-elementor-post-type=\"product\">\n\t\t\t\t\t\t<section class=\"elementor-section elementor-top-section elementor-element elementor-element-4c104f4 elementor-section-boxed elementor-section-height-default elementor-section-height-default\" data-id=\"4c104f4\" data-element_type=\"section\" data-e-type=\"section\">\n\t\t\t\t\t\t<div class=\"elementor-container elementor-column-gap-wide\">\n\t\t\t\t\t<div class=\"elementor-column elementor-col-100 elementor-top-column elementor-element elementor-element-93cefb6\" data-id=\"93cefb6\" data-element_type=\"column\" data-e-type=\"column\">\n\t\t\t<div class=\"elementor-widget-wrap elementor-element-populated\">\n\t\t\t\t\t\t<div class=\"elementor-element elementor-element-6e627d1 elementor-widget elementor-widget-text-editor\" data-id=\"6e627d1\" data-element_type=\"widget\" data-e-type=\"widget\" data-widget_type=\"text-editor.default\">\n\t\t\t\t<div class=\"elementor-widget-container\">\n\t\t\t\t\t\t\t\t\t<p><strong>Halvava lihasn\u00e4rvivalu leevenduseks v\u00f5i enne aktiivset tegevust. <a href=\"https:\/\/zennative.fi\/et\/mis-on-cbd\/\">CBD<\/a>-ga kuumkreem on hea vahend ennetamiseks ja leevenduseks. Kuid mitte ainult.<\/strong><\/p><p>Lihasn\u00e4rvivalu vajab taastumiseks sooja ja rahustavat CBD-d. Siin kreemis on m\u00f5lemad.\u00a0Zen Native aktiivne kuumkreem soojendab tuntavalt ja m\u00f5jub s\u00fcgavuti.<\/p><p>Enne sportimist v\u00f5i f\u00fc\u00fcsilist t\u00f6\u00f6d on vigastuste v\u00e4ltimisel \u00fcks t\u00e4htsamaid tegevusi soojendus. M\u00e4\u00e4rides end kuumkreemiga aktiveerid vereringet ja energiseerid lihaseid ning v\u00e4hendad m\u00e4rkimisv\u00e4\u00e4rselt vigastuse ohtu.<\/p><p>Masseeri seda lihastele ja liigestele ning tunne selle kiiret ja pikaajalist toimet.<\/p><p>NB! V\u00e4ltida silma sattumist ja pesta k\u00e4si peale kasutamist.<\/p>\t\t\t\t\t\t\t\t<\/div>\n\t\t\t\t<\/div>\n\t\t\t\t<div class=\"elementor-element elementor-element-2f08d37 elementor-widget elementor-widget-the7-accordion\" data-id=\"2f08d37\" data-element_type=\"widget\" data-e-type=\"widget\" data-widget_type=\"the7-accordion.default\">\n\t\t\t\t<div class=\"elementor-widget-container\">\n\t\t\t\t\t\t\t<div class=\"elementor-accordion the7-adv-accordion ac_bb_title ac_bb_active_title ac_top_bottom_borders ac_left_right_borders animate-on-loading\" data-accordion-type=\"accordion\" role=\"tablist\">\r\n\t\t\t\t\t\t\t<div class=\"elementor-accordion-item\">\r\n\t\t\t\t\t<h3 id=\"elementor-tab-title-4931\" class=\"elementor-tab-title the7-accordion-header active-default\" data-tab=\"1\" role=\"tab\" aria-controls=\"elementor-tab-content-4931\">\r\n\r\n\t\t\t\t\t\t\t\t\t\t\t\t\t<span class=\"elementor-accordion-icon elementor-accordion-icon-left\" aria-hidden=\"true\">\r\n\t\t\t\t\t\t\t\t\t\t\t\t\t\t\t<span class=\"elementor-accordion-icon-closed\"><i class=\"fas fa-chevron-down\"><\/i><\/span>\r\n\t\t\t\t\t\t\t\t\t\t\t\t\t\t\t\t\t<span class=\"elementor-accordion-icon-opened\"><i class=\"fas fa-chevron-up\"><\/i><\/span>\r\n\t\t\t\t\t\t\t\t\t\t\t\t\t\t\t\t\t\t\t\t\t\t<\/span>\r\n\t\t\t\t\t\t\t\t\t\t\t\t\t\t\t\t\t\t<a class=\"elementor-accordion-title\" href=\"\">Koostis<\/a>\r\n\t\t\t\t\t<\/h3>\r\n\t\t\t\t\t<div id=\"elementor-tab-content-4931\" class=\"elementor-tab-content elementor-clearfix active-default\" data-tab=\"1\" role=\"tabpanel\" aria-labelledby=\"elementor-tab-title-4931\"><p><strong>Vesi, Talirohelise \u00f5li CBD 300mg, Kapr\u00fc\u00fclhape<\/strong><\/p><p>Polysorbote 20 ja 80, Mineraal\u00f5li, Triethonalamine, Carbomer, Hydrogentaed Castrol Oil, PEG-7, EDTA, Xanthan Gum, BHT.<\/p><p><strong>NB!<\/strong> Oleme arendamas 100% looduslikku versiooni sellest tootest. Sellegi poolest ei sisalda see rohkem keemilisi \u00fchendeid kui tavaline k\u00e4tekreem.<\/p><p>30ml, keeratava kaanega klaaspurk.<\/p><\/div>\r\n\t\t\t\t<\/div>\r\n\t\t\t\t\t\t\t<div class=\"elementor-accordion-item\">\r\n\t\t\t\t\t<h3 id=\"elementor-tab-title-4932\" class=\"elementor-tab-title the7-accordion-header\" data-tab=\"2\" role=\"tab\" aria-controls=\"elementor-tab-content-4932\">\r\n\r\n\t\t\t\t\t\t\t\t\t\t\t\t\t<span class=\"elementor-accordion-icon elementor-accordion-icon-left\" aria-hidden=\"true\">\r\n\t\t\t\t\t\t\t\t\t\t\t\t\t\t\t<span class=\"elementor-accordion-icon-closed\"><i class=\"fas fa-chevron-down\"><\/i><\/span>\r\n\t\t\t\t\t\t\t\t\t\t\t\t\t\t\t\t\t<span class=\"elementor-accordion-icon-opened\"><i class=\"fas fa-chevron-up\"><\/i><\/span>\r\n\t\t\t\t\t\t\t\t\t\t\t\t\t\t\t\t\t\t\t\t\t\t<\/span>\r\n\t\t\t\t\t\t\t\t\t\t\t\t\t\t\t\t\t\t<a class=\"elementor-accordion-title\" href=\"\">S\u00e4ilitamine<\/a>\r\n\t\t\t\t\t<\/h3>\r\n\t\t\t\t\t<div id=\"elementor-tab-content-4932\" class=\"elementor-tab-content elementor-clearfix\" data-tab=\"2\" role=\"tabpanel\" aria-labelledby=\"elementor-tab-title-4932\"><p><br \/>S\u00e4ilitada jahedas ja pimedas 1 aasta.<\/p><\/div>\r\n\t\t\t\t<\/div>\r\n\t\t\t\t\t<\/div>\r\n\t\t\t\t\t\t<\/div>\n\t\t\t\t<\/div>\n\t\t\t\t\t<\/div>\n\t\t<\/div>\n\t\t\t\t\t<\/div>\n\t\t<\/section>\n\t\t\t\t<\/div>\n\t\t","protected":false},"excerpt":{"rendered":"<p>Zen Native Active+ soojendav ja aktiveeriv spordikreem sisaldab 300mg CBD-d<\/p>\n","protected":false},"featured_media":41768,"comment_status":"closed","ping_status":"closed","template":"","meta":[],"product_brand":[],"product_cat":[240],"product_tag":[227,274,280,279,276,278],"class_list":{"0":"post-41762","1":"product","2":"type-product","3":"status-publish","4":"has-post-thumbnail","6":"product_cat-cbd-kosmeetika","7":"product_tag-cbd","8":"product_tag-cbd-spordikreem","9":"product_tag-energiseeriv","10":"product_tag-kuumkreem","11":"product_tag-lihastele-ja-liigestele","12":"product_tag-soojendav-ja-aktiveeriv","14":"first","15":"outofstock","16":"shipping-taxable","17":"purchasable","18":"product-type-simple"},"_links":{"self":[{"href":"https:\/\/zennative.fi\/et\/wp-json\/wp\/v2\/product\/41762","targetHints":{"allow":["GET"]}}],"collection":[{"href":"https:\/\/zennative.fi\/et\/wp-json\/wp\/v2\/product"}],"about":[{"href":"https:\/\/zennative.fi\/et\/wp-json\/wp\/v2\/types\/product"}],"replies":[{"embeddable":true,"href":"https:\/\/zennative.fi\/et\/wp-json\/wp\/v2\/comments?post=41762"}],"version-history":[{"count":8,"href":"https:\/\/zennative.fi\/et\/wp-json\/wp\/v2\/product\/41762\/revisions"}],"predecessor-version":[{"id":80748,"href":"https:\/\/zennative.fi\/et\/wp-json\/wp\/v2\/product\/41762\/revisions\/80748"}],"wp:featuredmedia":[{"embeddable":true,"href":"https:\/\/zennative.fi\/et\/wp-json\/wp\/v2\/media\/41768"}],"wp:attachment":[{"href":"https:\/\/zennative.fi\/et\/wp-json\/wp\/v2\/media?parent=41762"}],"wp:term":[{"taxonomy":"product_brand","embeddable":true,"href":"https:\/\/zennative.fi\/et\/wp-json\/wp\/v2\/product_brand?post=41762"},{"taxonomy":"product_cat","embeddable":true,"href":"https:\/\/zennative.fi\/et\/wp-json\/wp\/v2\/product_cat?post=41762"},{"taxonomy":"product_tag","embeddable":true,"href":"https:\/\/zennative.fi\/et\/wp-json\/wp\/v2\/product_tag?post=41762"}],"curies":[{"name":"wp","href":"https:\/\/api.w.org\/{rel}","templated":true}]}}