{"id":80682,"date":"2025-05-22T21:12:49","date_gmt":"2025-05-22T19:12:49","guid":{"rendered":"https:\/\/zennative.fi\/?post_type=product&#038;p=80682"},"modified":"2025-07-02T12:20:19","modified_gmt":"2025-07-02T10:20:19","slug":"vitamin-cbd-kapslid-2100mg-full-spectrum-15-cbd-1500mg","status":"publish","type":"product","link":"https:\/\/zennative.fi\/et\/toode\/vitamin-cbd-kapslid-2100mg-full-spectrum-15-cbd-1500mg\/","title":{"rendered":"Vitamin+ CBD kapslid 2100mg + Full Spectrum 15% CBD 1500mg"},"content":{"rendered":"\t\t<div data-elementor-type=\"product-post\" data-elementor-id=\"80682\" class=\"elementor elementor-80682\" data-elementor-post-type=\"product\">\n\t\t\t\t\t\t<section class=\"elementor-section elementor-top-section elementor-element elementor-element-d0e2727 elementor-section-boxed elementor-section-height-default elementor-section-height-default\" data-id=\"d0e2727\" data-element_type=\"section\" data-e-type=\"section\">\n\t\t\t\t\t\t<div class=\"elementor-container elementor-column-gap-wide\">\n\t\t\t\t\t<div class=\"elementor-column elementor-col-100 elementor-top-column elementor-element elementor-element-3a44c1d\" data-id=\"3a44c1d\" data-element_type=\"column\" data-e-type=\"column\">\n\t\t\t<div class=\"elementor-widget-wrap elementor-element-populated\">\n\t\t\t\t\t\t<div class=\"elementor-element elementor-element-b42d59e elementor-widget elementor-widget-text-editor\" data-id=\"b42d59e\" data-element_type=\"widget\" data-e-type=\"widget\" data-widget_type=\"text-editor.default\">\n\t\t\t\t<div class=\"elementor-widget-container\">\n\t\t\t\t\t\t\t\t\t<p><strong>UUS 30 p\u00e4evane tootepakett, mis aitab sul luua vajaliku igap\u00e4evase rutiini oma tervise eest hoolitsemiseks.<\/strong><\/p><p><strong>Hommikuks <\/strong>oleme loonud imelised <a href=\"https:\/\/zennative.eu\/tooted\/\" target=\"_blank\" rel=\"noopener\">Vitamin+ CBD<\/a> kapslid (30tk). T\u00e4psemini, oli idee, et piisaks vaid \u00fchest mugavast v\u00e4iksest kapslist! See p\u00f5hjamaisele inimesele vajalike mikrotoitainetega D3, E, K2 ja A vitamiinidega starter annab p\u00e4evale \u00f5litatud alguse!\u00a0<\/p><p><strong>\u00d5htuks<\/strong> on aeg tulla alla ja endasse, valmistuda selleks vajalikuks uner\u00e4nnakuks. Meie kuulsast kanepi\u00f5ie ekstraktist tehtud <a href=\"https:\/\/zennative.eu\/tooted\/\" target=\"_blank\" rel=\"noopener\">Full Spectrum CBD<\/a> \u00f5li on <strong>loodud just l\u00f5\u00f5gastumiseks ja taastumiseks<\/strong>.\u00a0<\/p>\t\t\t\t\t\t\t\t<\/div>\n\t\t\t\t<\/div>\n\t\t\t\t\t<\/div>\n\t\t<\/div>\n\t\t\t\t\t<\/div>\n\t\t<\/section>\n\t\t\t\t<section class=\"elementor-section elementor-top-section elementor-element elementor-element-b4461fd elementor-section-boxed elementor-section-height-default elementor-section-height-default\" data-id=\"b4461fd\" data-element_type=\"section\" data-e-type=\"section\">\n\t\t\t\t\t\t<div class=\"elementor-container elementor-column-gap-default\">\n\t\t\t\t\t<div class=\"elementor-column elementor-col-100 elementor-top-column elementor-element elementor-element-f876c49\" data-id=\"f876c49\" data-element_type=\"column\" data-e-type=\"column\">\n\t\t\t<div class=\"elementor-widget-wrap elementor-element-populated\">\n\t\t\t\t\t\t<div class=\"elementor-element elementor-element-592f579 elementor-widget elementor-widget-the7-accordion\" data-id=\"592f579\" data-element_type=\"widget\" data-e-type=\"widget\" data-widget_type=\"the7-accordion.default\">\n\t\t\t\t<div class=\"elementor-widget-container\">\n\t\t\t\t\t\t\t<div class=\"elementor-accordion the7-adv-accordion ac_bb_title ac_bb_active_title ac_top_bottom_borders ac_left_right_borders\" data-accordion-type=\"toggle\" role=\"tablist\">\r\n\t\t\t\t\t\t\t<div class=\"elementor-accordion-item\">\r\n\t\t\t\t\t<h3 id=\"elementor-tab-title-9351\" class=\"elementor-tab-title the7-accordion-header deactive-default\" data-tab=\"1\" role=\"tab\" aria-controls=\"elementor-tab-content-9351\">\r\n\r\n\t\t\t\t\t\t\t\t\t\t\t\t\t<span class=\"elementor-accordion-icon elementor-accordion-icon-left\" aria-hidden=\"true\">\r\n\t\t\t\t\t\t\t\t\t\t\t\t\t\t\t<span class=\"elementor-accordion-icon-closed\"><i class=\"fas fa-chevron-down\"><\/i><\/span>\r\n\t\t\t\t\t\t\t\t\t\t\t\t\t\t\t\t\t<span class=\"elementor-accordion-icon-opened\"><i class=\"fas fa-chevron-up\"><\/i><\/span>\r\n\t\t\t\t\t\t\t\t\t\t\t\t\t\t\t\t\t\t\t\t\t\t<\/span>\r\n\t\t\t\t\t\t\t\t\t\t\t\t\t\t\t\t\t\t<a class=\"elementor-accordion-title\" href=\"\">Idee<\/a>\r\n\t\t\t\t\t<\/h3>\r\n\t\t\t\t\t<div id=\"elementor-tab-content-9351\" class=\"elementor-tab-content elementor-clearfix deactive-default\" data-tab=\"1\" role=\"tabpanel\" aria-labelledby=\"elementor-tab-title-9351\"><p>See 30 p\u00e4eva tootekombo, mille hinnaks on muidu 158 eurot, on meie v\u00e4ike abik\u00e4si aitamaks sul<strong> investeerida iseendasse ja hoolitseda oma tervise eest regulaarselt.<\/strong><\/p><\/div>\r\n\t\t\t\t<\/div>\r\n\t\t\t\t\t\t\t<div class=\"elementor-accordion-item\">\r\n\t\t\t\t\t<h3 id=\"elementor-tab-title-9352\" class=\"elementor-tab-title the7-accordion-header\" data-tab=\"2\" role=\"tab\" aria-controls=\"elementor-tab-content-9352\">\r\n\r\n\t\t\t\t\t\t\t\t\t\t\t\t\t<span class=\"elementor-accordion-icon elementor-accordion-icon-left\" aria-hidden=\"true\">\r\n\t\t\t\t\t\t\t\t\t\t\t\t\t\t\t<span class=\"elementor-accordion-icon-closed\"><i class=\"fas fa-chevron-down\"><\/i><\/span>\r\n\t\t\t\t\t\t\t\t\t\t\t\t\t\t\t\t\t<span class=\"elementor-accordion-icon-opened\"><i class=\"fas fa-chevron-up\"><\/i><\/span>\r\n\t\t\t\t\t\t\t\t\t\t\t\t\t\t\t\t\t\t\t\t\t\t<\/span>\r\n\t\t\t\t\t\t\t\t\t\t\t\t\t\t\t\t\t\t<a class=\"elementor-accordion-title\" href=\"\">Sisaldus<\/a>\r\n\t\t\t\t\t<\/h3>\r\n\t\t\t\t\t<div id=\"elementor-tab-content-9352\" class=\"elementor-tab-content elementor-clearfix\" data-tab=\"2\" role=\"tabpanel\" aria-labelledby=\"elementor-tab-title-9352\"><ul><li><p>Vitamin+ CBD kapslid 30tk (2100mg CBD)<\/p><\/li><li><p>Full Spectrum CBD \u00f5li 15% (3000mg CBD)<\/p><\/li><\/ul><\/div>\r\n\t\t\t\t<\/div>\r\n\t\t\t\t\t\t\t<div class=\"elementor-accordion-item\">\r\n\t\t\t\t\t<h3 id=\"elementor-tab-title-9353\" class=\"elementor-tab-title the7-accordion-header\" data-tab=\"3\" role=\"tab\" aria-controls=\"elementor-tab-content-9353\">\r\n\r\n\t\t\t\t\t\t\t\t\t\t\t\t\t<span class=\"elementor-accordion-icon elementor-accordion-icon-left\" aria-hidden=\"true\">\r\n\t\t\t\t\t\t\t\t\t\t\t\t\t\t\t<span class=\"elementor-accordion-icon-closed\"><i class=\"fas fa-chevron-down\"><\/i><\/span>\r\n\t\t\t\t\t\t\t\t\t\t\t\t\t\t\t\t\t<span class=\"elementor-accordion-icon-opened\"><i class=\"fas fa-chevron-up\"><\/i><\/span>\r\n\t\t\t\t\t\t\t\t\t\t\t\t\t\t\t\t\t\t\t\t\t\t<\/span>\r\n\t\t\t\t\t\t\t\t\t\t\t\t\t\t\t\t\t\t<a class=\"elementor-accordion-title\" href=\"\">Manustamine<\/a>\r\n\t\t\t\t\t<\/h3>\r\n\t\t\t\t\t<div id=\"elementor-tab-content-9353\" class=\"elementor-tab-content elementor-clearfix\" data-tab=\"3\" role=\"tabpanel\" aria-labelledby=\"elementor-tab-title-9353\"><p>1 kapsel p\u00e4evas koos toidu ja veega. Soovituslikult hommikul.<br \/><br \/>1 tilk \u00f5li 7.5kg kehakaalu kohta. Soovituslikult \u00f5htul pool tundi enne magama minemist.<\/p><\/div>\r\n\t\t\t\t<\/div>\r\n\t\t\t\t\t\t\t<div class=\"elementor-accordion-item\">\r\n\t\t\t\t\t<h3 id=\"elementor-tab-title-9354\" class=\"elementor-tab-title the7-accordion-header\" data-tab=\"4\" role=\"tab\" aria-controls=\"elementor-tab-content-9354\">\r\n\r\n\t\t\t\t\t\t\t\t\t\t\t\t\t<span class=\"elementor-accordion-icon elementor-accordion-icon-left\" aria-hidden=\"true\">\r\n\t\t\t\t\t\t\t\t\t\t\t\t\t\t\t<span class=\"elementor-accordion-icon-closed\"><i class=\"fas fa-chevron-down\"><\/i><\/span>\r\n\t\t\t\t\t\t\t\t\t\t\t\t\t\t\t\t\t<span class=\"elementor-accordion-icon-opened\"><i class=\"fas fa-chevron-up\"><\/i><\/span>\r\n\t\t\t\t\t\t\t\t\t\t\t\t\t\t\t\t\t\t\t\t\t\t<\/span>\r\n\t\t\t\t\t\t\t\t\t\t\t\t\t\t\t\t\t\t<a class=\"elementor-accordion-title\" href=\"\">Hoiatused<\/a>\r\n\t\t\t\t\t<\/h3>\r\n\t\t\t\t\t<div id=\"elementor-tab-content-9354\" class=\"elementor-tab-content elementor-clearfix\" data-tab=\"4\" role=\"tabpanel\" aria-labelledby=\"elementor-tab-title-9354\"><p>Alaealistele mittesoovitatav.<\/p><p>Kasutamine raseduse ajal on mittesoovitatav.<\/p><p>Mitte \u00fcletada p\u00e4evaseks tarbimiseks soovitatavat kogust.<\/p><p>Toidulisandit ei kasutata mitmekesise toitumise asendajana.<\/p><p>Hoida lastele k\u00e4ttesaamatus kohas.<\/p><\/div>\r\n\t\t\t\t<\/div>\r\n\t\t\t\t\t\t\t<div class=\"elementor-accordion-item\">\r\n\t\t\t\t\t<h3 id=\"elementor-tab-title-9355\" class=\"elementor-tab-title the7-accordion-header\" data-tab=\"5\" role=\"tab\" aria-controls=\"elementor-tab-content-9355\">\r\n\r\n\t\t\t\t\t\t\t\t\t\t\t\t\t<span class=\"elementor-accordion-icon elementor-accordion-icon-left\" aria-hidden=\"true\">\r\n\t\t\t\t\t\t\t\t\t\t\t\t\t\t\t<span class=\"elementor-accordion-icon-closed\"><i class=\"fas fa-chevron-down\"><\/i><\/span>\r\n\t\t\t\t\t\t\t\t\t\t\t\t\t\t\t\t\t<span class=\"elementor-accordion-icon-opened\"><i class=\"fas fa-chevron-up\"><\/i><\/span>\r\n\t\t\t\t\t\t\t\t\t\t\t\t\t\t\t\t\t\t\t\t\t\t<\/span>\r\n\t\t\t\t\t\t\t\t\t\t\t\t\t\t\t\t\t\t<a class=\"elementor-accordion-title\" href=\"\">Valmistamine<\/a>\r\n\t\t\t\t\t<\/h3>\r\n\t\t\t\t\t<div id=\"elementor-tab-content-9355\" class=\"elementor-tab-content elementor-clearfix\" data-tab=\"5\" role=\"tabpanel\" aria-labelledby=\"elementor-tab-title-9355\"><p><strong>Kapslid<\/strong> on valmistatud Zen Native tellimusel Euroopa laboris. Pakendatud Eestis. <strong>Full Spectrum CBD<\/strong> \u00f5li on valmistatud kvaliteetseimast kanepist ekstraheeritud ekstraktis, mis lahjendatakse kookose MCT \u00f5liga ja tuunitakse kuulsaks Zen Native CBD \u00f5liks.<\/p><\/div>\r\n\t\t\t\t<\/div>\r\n\t\t\t\t\t\t\t<div class=\"elementor-accordion-item\">\r\n\t\t\t\t\t<h3 id=\"elementor-tab-title-9356\" class=\"elementor-tab-title the7-accordion-header\" data-tab=\"6\" role=\"tab\" aria-controls=\"elementor-tab-content-9356\">\r\n\r\n\t\t\t\t\t\t\t\t\t\t\t\t\t<span class=\"elementor-accordion-icon elementor-accordion-icon-left\" aria-hidden=\"true\">\r\n\t\t\t\t\t\t\t\t\t\t\t\t\t\t\t<span class=\"elementor-accordion-icon-closed\"><i class=\"fas fa-chevron-down\"><\/i><\/span>\r\n\t\t\t\t\t\t\t\t\t\t\t\t\t\t\t\t\t<span class=\"elementor-accordion-icon-opened\"><i class=\"fas fa-chevron-up\"><\/i><\/span>\r\n\t\t\t\t\t\t\t\t\t\t\t\t\t\t\t\t\t\t\t\t\t\t<\/span>\r\n\t\t\t\t\t\t\t\t\t\t\t\t\t\t\t\t\t\t<a class=\"elementor-accordion-title\" href=\"\">S\u00e4ilitamine<\/a>\r\n\t\t\t\t\t<\/h3>\r\n\t\t\t\t\t<div id=\"elementor-tab-content-9356\" class=\"elementor-tab-content elementor-clearfix\" data-tab=\"6\" role=\"tabpanel\" aria-labelledby=\"elementor-tab-title-9356\"><ul><li>Hoida pimedas ja toatemperatuuril<\/li><li>Kapslid s\u00e4ilivad kuni 02.2027<\/li><li>\u00d5li s\u00e4ilib 1 aasta p\u00e4rast tootmist<\/li><li>\u00d5li parema s\u00e4ilimise jaoks mitte puudutada pipetiga nahka, keelt ega muud, et bakterid ei satuks pudelisse.<\/li><\/ul><\/div>\r\n\t\t\t\t<\/div>\r\n\t\t\t\t\t<\/div>\r\n\t\t\t\t\t\t<\/div>\n\t\t\t\t<\/div>\n\t\t\t\t<div class=\"elementor-element elementor-element-9523843 elementor-hidden-desktop elementor-hidden-tablet elementor-hidden-mobile elementor-widget elementor-widget-image\" data-id=\"9523843\" data-element_type=\"widget\" data-e-type=\"widget\" data-widget_type=\"image.default\">\n\t\t\t\t<div class=\"elementor-widget-container\">\n\t\t\t\t\t\t\t\t\t\t\t\t\t\t\t<img fetchpriority=\"high\" decoding=\"async\" width=\"601\" height=\"800\" src=\"https:\/\/zennative.fi\/wp-content\/uploads\/2025\/05\/Zen-Native-5-Full-Spectrum-CBD-Oil-Taisspektri-CBD-kanepi-oli_2.png\" class=\"attachment-large size-large wp-image-80683\" alt=\"\" srcset=\"https:\/\/zennative.fi\/wp-content\/uploads\/2025\/05\/Zen-Native-5-Full-Spectrum-CBD-Oil-Taisspektri-CBD-kanepi-oli_2.png 601w, https:\/\/zennative.fi\/wp-content\/uploads\/2025\/05\/Zen-Native-5-Full-Spectrum-CBD-Oil-Taisspektri-CBD-kanepi-oli_2-225x300.png 225w\" sizes=\"(max-width: 601px) 100vw, 601px\" \/>\t\t\t\t\t\t\t\t\t\t\t\t\t\t\t<\/div>\n\t\t\t\t<\/div>\n\t\t\t\t<div class=\"elementor-element elementor-element-6b73088 elementor-widget elementor-widget-shortcode\" data-id=\"6b73088\" data-element_type=\"widget\" data-e-type=\"widget\" data-widget_type=\"shortcode.default\">\n\t\t\t\t<div class=\"elementor-widget-container\">\n\t\t\t\t\t\t\t<div class=\"elementor-shortcode\"> <script type=\"application\/ld+json\">\n    {\n      \"@context\": \"https:\/\/lt.zennative.ee\/\u201c,\n      \"@type\": \"Product\",\n      \"name\": \u201cFull \u201cSpectrum CBD oil,\n      \"image\": [\n        \"https:\/\/lt.zennative.ee\/wp-content\/uploads\/2021\/10\/Zen-Native-5-Full-Spectrum-CBD-Oil-Taisspektri-CBD-kanepi-oli_1.png\",\n        \"https:\/\/lt.zennative.ee\/wp-content\/uploads\/2021\/10\/Zen-Native-Pipett-Full-Spectrum-CBD-Oil-Taisspektri-CBD-kanepi-oli.png\",\n        \"https:\/\/lt.zennative.ee\/wp-content\/uploads\/2021\/10\/Zen-Native-5-Full-Spectrum-CBD-Oil-Taisspektri-CBD-kanepi-oli_3.png\"\n       ],\n      \"description\": \"Full Spectrum CBD \u00f5li annab tugevama ja laiema abi kui CBD Kristall \u00d5li ning selle toime on tuntav. Full Spectrum CBD \u00f5li rahustab viha, \u00e4revuse, ebakindluse ja v\u00e4hendab hirmu. F\u00fc\u00fcsiliselt v\u00e4hendab p\u00f5letikku, pingeid ja v\u00e4hki. Full Spectrum CBD \u00f5li sisaldab: k\u00f5iki kannabinoide (CBD, CBG, CBC, CBN...), terpeene ja flavanoide. Kvaliteetseimad ekstraktid on eranditult lahustatud kookose MCT \u00f5lis.\",\n      \"sku\": \"0446310786\",\n      \"brand\": {\n        \"@type\": \"Brand\",\n        \"name\": \u201cZen \u201cNative\n      },\n         \"aggregateRating\": {\n        \"@type\": \"AggregateRating\",\n        \"ratingValue\": \u201c5\u201d,\n        \"reviewCount\": \"89\"\n      },\n      \"offers\": {\n        \"@type\": \"Offer\",\n        \"url\": \"\t\",\n        \"priceCurrency\": \u201cEUR\u201d,\n        \"price\": \"129.99\",\n        \"priceValidUntil\": \"2022-11-20\",\n      }\n    }\n    <\/script><\/div>\n\t\t\t\t\t\t<\/div>\n\t\t\t\t<\/div>\n\t\t\t\t\t<\/div>\n\t\t<\/div>\n\t\t\t\t\t<\/div>\n\t\t<\/section>\n\t\t\t\t<\/div>\n\t\t","protected":false},"excerpt":{"rendered":"<p data-start=\"67\" data-end=\"336\">See 30 p\u00e4eva tootekombo, mille hinnaks on muidu 158 eurot, on meie v\u00e4ike abik\u00e4si aitamaks sul<strong> investeerida iseendasse ja hoolitseda oma tervise eest regulaarselt.<\/strong><\/p>\n","protected":false},"featured_media":80692,"comment_status":"open","ping_status":"closed","template":"","meta":[],"product_brand":[],"product_cat":[744],"product_tag":[],"class_list":{"0":"post-80682","1":"product","2":"type-product","3":"status-publish","4":"has-post-thumbnail","6":"product_cat-cbd-kapslid","8":"first","9":"instock","10":"sale","11":"shipping-taxable","12":"purchasable","13":"product-type-simple"},"_links":{"self":[{"href":"https:\/\/zennative.fi\/et\/wp-json\/wp\/v2\/product\/80682","targetHints":{"allow":["GET"]}}],"collection":[{"href":"https:\/\/zennative.fi\/et\/wp-json\/wp\/v2\/product"}],"about":[{"href":"https:\/\/zennative.fi\/et\/wp-json\/wp\/v2\/types\/product"}],"replies":[{"embeddable":true,"href":"https:\/\/zennative.fi\/et\/wp-json\/wp\/v2\/comments?post=80682"}],"version-history":[{"count":4,"href":"https:\/\/zennative.fi\/et\/wp-json\/wp\/v2\/product\/80682\/revisions"}],"predecessor-version":[{"id":80717,"href":"https:\/\/zennative.fi\/et\/wp-json\/wp\/v2\/product\/80682\/revisions\/80717"}],"wp:featuredmedia":[{"embeddable":true,"href":"https:\/\/zennative.fi\/et\/wp-json\/wp\/v2\/media\/80692"}],"wp:attachment":[{"href":"https:\/\/zennative.fi\/et\/wp-json\/wp\/v2\/media?parent=80682"}],"wp:term":[{"taxonomy":"product_brand","embeddable":true,"href":"https:\/\/zennative.fi\/et\/wp-json\/wp\/v2\/product_brand?post=80682"},{"taxonomy":"product_cat","embeddable":true,"href":"https:\/\/zennative.fi\/et\/wp-json\/wp\/v2\/product_cat?post=80682"},{"taxonomy":"product_tag","embeddable":true,"href":"https:\/\/zennative.fi\/et\/wp-json\/wp\/v2\/product_tag?post=80682"}],"curies":[{"name":"wp","href":"https:\/\/api.w.org\/{rel}","templated":true}]}}